{"id":10,"date":"2015-11-02T16:51:25","date_gmt":"2015-11-02T15:51:25","guid":{"rendered":"http:\/\/chamonix-cross-country-skiing.com\/?page_id=10"},"modified":"2024-11-23T16:28:47","modified_gmt":"2024-11-23T15:28:47","slug":"biathlon-moniteur-ski-fond-chamonix","status":"publish","type":"page","link":"https:\/\/chamonix-cross-country-skiing.com\/en\/biathlon-moniteur-ski-fond-chamonix\/","title":{"rendered":"Biathlon"},"content":{"rendered":"<h1 style=\"text-align: center;\"><span style=\"font-size: medium;\">\u00a0Biathlon<\/span><\/h1>\n<h1 class=\"western\" align=\"CENTER\"><span style=\"font-size: medium;\"><strong>\u00a0Biathlon<\/strong> with Chamonix Cross Country Skiing<br \/>\n<\/span><\/h1>\n<figure id=\"attachment_1552\" aria-describedby=\"caption-attachment-1552\" style=\"width: 640px\" class=\"wp-caption aligncenter\"><a href=\"http:\/\/chamonix-cross-country-skiing.com\/biathlon\/biathlon-position-couche\/\"><img loading=\"lazy\" decoding=\"async\" class=\"wp-image-1552 size-full\" title=\"Family having some fun on Biathlon\" src=\"http:\/\/chamonix-cross-country-skiing.com\/wp-content\/uploads\/2015\/11\/Biathlon-position-couche.jpg\" alt=\"biathlon-position-couche\" width=\"640\" height=\"480\" srcset=\"https:\/\/chamonix-cross-country-skiing.com\/wp-content\/uploads\/2015\/11\/Biathlon-position-couche.jpg 640w, https:\/\/chamonix-cross-country-skiing.com\/wp-content\/uploads\/2015\/11\/Biathlon-position-couche-300x225.jpg 300w, https:\/\/chamonix-cross-country-skiing.com\/wp-content\/uploads\/2015\/11\/Biathlon-position-couche-230x173.jpg 230w, https:\/\/chamonix-cross-country-skiing.com\/wp-content\/uploads\/2015\/11\/Biathlon-position-couche-350x263.jpg 350w\" sizes=\"auto, (max-width: 640px) 100vw, 640px\" \/><\/a><figcaption id=\"caption-attachment-1552\" class=\"wp-caption-text\">Family having some fun on Biathlon<\/figcaption><\/figure>\n<h1><\/h1>\n<h1><a href=\"http:\/\/chamonix-cross-country-skiing.com\/contact\/\">Book your Biathlon activities here<\/a><\/h1>\n<h2>Biathlon video footage with Chamonix Cross Country Skiing<\/h2>\n<p><iframe loading=\"lazy\" title=\"Biathlon Chamonix for all level, shooting target with X-C skiing \/ Biathlon, tir et ski de fond\" width=\"1220\" height=\"686\" src=\"https:\/\/www.youtube.com\/embed\/24rYOGKxUUY?feature=oembed\" frameborder=\"0\" allow=\"accelerometer; autoplay; clipboard-write; encrypted-media; gyroscope; picture-in-picture; web-share\" referrerpolicy=\"strict-origin-when-cross-origin\" allowfullscreen><\/iframe><\/p>\n<h1>INFO:+33 0661766368<\/h1>\n<p class=\"western\" align=\"LEFT\"><span style=\"font-size: medium;\">The <a href=\"http:\/\/fr.wikipedia.org\/wiki\/Biathlon\" target=\"_blank\" rel=\"noopener\"><strong>Biathlon<\/strong> <\/a>consists in<strong> combining Cross Country Skiing and Air Rifle Target Shooting<\/strong>.<br \/>\n<\/span><\/p>\n<p class=\"western\" align=\"LEFT\"><span style=\"font-size: medium;\"><strong>An Olympic event<\/strong> since 1960 at Squaw Valley when it was introduced for men and 1992 at Albertville for women, the <strong>Biathlon<\/strong> is in constant progression.<\/span><\/p>\n<p class=\"western\" align=\"LEFT\"><span style=\"font-size: medium;\">We offer three Biathlon locations <a href=\"http:\/\/chamonix-cross-country-skiing.com\/biathlon\/biathlon-chamonix\/\">Chamonix<\/a>, les <a href=\"http:\/\/chamonix-cross-country-skiing.com\/biathlon-aux-houches\/\">Houches <\/a>for beginners and\u00a0 <a href=\"http:\/\/chamonix-cross-country-skiing.com\/biathlon\/biathlon-a-argentiere\/\">Argenti\u00e8re<\/a> for intermediate\/advanced,\u00a0 under the supervision and guidance <strong>of a qualified instructor<\/strong>.<br \/>\n<\/span><\/p>\n<p class=\"western\" align=\"LEFT\"><span style=\"font-size: medium;\">Combining concentration necessary for straight shooting plus physical &#8220;determination&#8221; for the skiing, this sport <strong>offers a complete physical and mental challenge.<\/strong><\/span><\/p>\n<p class=\"western\" align=\"LEFT\"><span style=\"font-size: medium;\"> Biathlon<strong> is an activity fun and amusing, that corresponds to adults, kids, family&#8217;s or groups<\/strong>. There is no minimum number of participants required!<br \/>\n<\/span><\/p>\n<p class=\"western\" style=\"text-align: center;\" align=\"LEFT\"><a href=\"mailto:info@chamonix-cross-country-skiing.com?subject=Biathlon through cccs website\">Contact us for more details!<\/a><\/p>\n<figure id=\"attachment_1557\" aria-describedby=\"caption-attachment-1557\" style=\"width: 607px\" class=\"wp-caption aligncenter\"><a href=\"http:\/\/chamonix-cross-country-skiing.com\/biathlon\/biathlon-tir-debout-challenge\/\" rel=\"attachment wp-att-1557\"><img loading=\"lazy\" decoding=\"async\" class=\"wp-image-1557 size-full\" title=\"Stand position with the skis\" src=\"http:\/\/chamonix-cross-country-skiing.com\/wp-content\/uploads\/2015\/11\/biathlon-tir-debout-challenge.jpg\" alt=\"Stand position for shooting\" width=\"607\" height=\"480\" srcset=\"https:\/\/chamonix-cross-country-skiing.com\/wp-content\/uploads\/2015\/11\/biathlon-tir-debout-challenge.jpg 607w, https:\/\/chamonix-cross-country-skiing.com\/wp-content\/uploads\/2015\/11\/biathlon-tir-debout-challenge-300x237.jpg 300w, https:\/\/chamonix-cross-country-skiing.com\/wp-content\/uploads\/2015\/11\/biathlon-tir-debout-challenge-230x182.jpg 230w, https:\/\/chamonix-cross-country-skiing.com\/wp-content\/uploads\/2015\/11\/biathlon-tir-debout-challenge-350x277.jpg 350w\" sizes=\"auto, (max-width: 607px) 100vw, 607px\" \/><\/a><figcaption id=\"caption-attachment-1557\" class=\"wp-caption-text\">Stand position for shooting<\/figcaption><\/figure>\n<p style=\"text-align: center;\"><a href=\"mailto:info@chamonix-cross-country-skiing.com?subject=Site a propos througt CCCS\">contact us for more details !<\/a><\/p>\n","protected":false},"excerpt":{"rendered":"<div class=\"entry-summary\">\n\u00a0Biathlon \u00a0Biathlon with Chamonix Cross Country Skiing Book your Biathlon activities here Biathlon video footage with Chamonix Cross Country Skiing INFO:+33 0661766368 The Biathlon consists in combining Cross Country Skiing and Air Rifle Target Shooting. An Olympic event since 1960&hellip;\n<\/div>\n<div class=\"link-more\"><a href=\"https:\/\/chamonix-cross-country-skiing.com\/en\/biathlon-moniteur-ski-fond-chamonix\/\" class=\"more-link\">Continue reading<span class=\"screen-reader-text\"> &ldquo;Biathlon&rdquo;<\/span>&hellip;<\/a><\/div>\n","protected":false},"author":1,"featured_media":0,"parent":0,"menu_order":0,"comment_status":"closed","ping_status":"closed","template":"","meta":{"_exactmetrics_skip_tracking":false,"_exactmetrics_sitenote_active":false,"_exactmetrics_sitenote_note":"","_exactmetrics_sitenote_category":0,"footnotes":""},"class_list":["post-10","page","type-page","status-publish","hentry","entry"],"translation":{"provider":"WPGlobus","version":"3.0.2","language":"en","enabled_languages":["fr","en"],"languages":{"fr":{"title":true,"content":true,"excerpt":false},"en":{"title":true,"content":true,"excerpt":false}}},"yoast_head":"<!-- This site is optimized with the Yoast SEO plugin v27.5 - https:\/\/yoast.com\/product\/yoast-seo-wordpress\/ -->\n<title>Start Biathlon with Chamonix Cross Country Skiing<\/title>\n<meta name=\"description\" content=\"Biathlon is a winter Olympic event. It consists in combining XC skiing and air rifle target shooting. Teacher Richard Etellin. +33 0661766368\" \/>\n<meta name=\"robots\" content=\"index, follow, max-snippet:-1, max-image-preview:large, max-video-preview:-1\" \/>\n<link rel=\"canonical\" href=\"https:\/\/chamonix-cross-country-skiing.com\/biathlon-moniteur-ski-fond-chamonix\/\" \/>\n<meta property=\"og:locale\" content=\"en_US\" \/>\n<meta property=\"og:type\" content=\"article\" \/>\n<meta property=\"og:title\" content=\"Start Biathlon with Chamonix Cross Country Skiing\" \/>\n<meta property=\"og:description\" content=\"Biathlon is a winter Olympic event. It consists in combining XC skiing and air rifle target shooting. Teacher Richard Etellin. +33 0661766368\" \/>\n<meta property=\"og:url\" content=\"https:\/\/chamonix-cross-country-skiing.com\/biathlon-moniteur-ski-fond-chamonix\/\" \/>\n<meta property=\"og:site_name\" content=\"CHAMONIX CROSS COUNTRY SKIING\" \/>\n<meta property=\"article:publisher\" content=\"https:\/\/www.facebook.com\/skiinginstructor\/\" \/>\n<meta property=\"article:modified_time\" content=\"2024-11-23T15:28:47+00:00\" \/>\n<meta property=\"og:image\" content=\"http:\/\/chamonix-cross-country-skiing.com\/wp-content\/uploads\/2015\/11\/Biathlon-position-couche.jpg\" \/>\n<meta name=\"twitter:card\" content=\"summary_large_image\" \/>\n<meta name=\"twitter:label1\" content=\"Est. reading time\" \/>\n\t<meta name=\"twitter:data1\" content=\"2 minutes\" \/>\n<script type=\"application\/ld+json\" class=\"yoast-schema-graph\">{\"@context\":\"https:\\\/\\\/schema.org\",\"@graph\":[{\"@type\":\"WebPage\",\"@id\":\"https:\\\/\\\/chamonix-cross-country-skiing.com\\\/biathlon-moniteur-ski-fond-chamonix\\\/\",\"url\":\"https:\\\/\\\/chamonix-cross-country-skiing.com\\\/biathlon-moniteur-ski-fond-chamonix\\\/\",\"name\":\"Initiation au Biathlon avec un Moniteur \u00e0 Chamonix\",\"isPartOf\":{\"@id\":\"https:\\\/\\\/chamonix-cross-country-skiing.com\\\/#website\"},\"primaryImageOfPage\":{\"@id\":\"https:\\\/\\\/chamonix-cross-country-skiing.com\\\/biathlon-moniteur-ski-fond-chamonix\\\/#primaryimage\"},\"image\":{\"@id\":\"https:\\\/\\\/chamonix-cross-country-skiing.com\\\/biathlon-moniteur-ski-fond-chamonix\\\/#primaryimage\"},\"thumbnailUrl\":\"http:\\\/\\\/chamonix-cross-country-skiing.com\\\/wp-content\\\/uploads\\\/2015\\\/11\\\/Biathlon-position-couche.jpg\",\"datePublished\":\"2015-11-02T15:51:25+00:00\",\"dateModified\":\"2024-11-23T15:28:47+00:00\",\"description\":\"Le Biathlon est une activit\u00e9 de sport d'hiver tr\u00e8s ludique tous publics. Avec un moniteur dipl\u00f4m\u00e9 venez pratiquez \u00e0 Chamonix. Familles,Groupes\",\"breadcrumb\":{\"@id\":\"https:\\\/\\\/chamonix-cross-country-skiing.com\\\/biathlon-moniteur-ski-fond-chamonix\\\/#breadcrumb\"},\"inLanguage\":\"en-EN\",\"potentialAction\":[{\"@type\":\"ReadAction\",\"target\":[\"https:\\\/\\\/chamonix-cross-country-skiing.com\\\/biathlon-moniteur-ski-fond-chamonix\\\/\"]}]},{\"@type\":\"ImageObject\",\"inLanguage\":\"en-EN\",\"@id\":\"https:\\\/\\\/chamonix-cross-country-skiing.com\\\/biathlon-moniteur-ski-fond-chamonix\\\/#primaryimage\",\"url\":\"http:\\\/\\\/chamonix-cross-country-skiing.com\\\/wp-content\\\/uploads\\\/2015\\\/11\\\/Biathlon-position-couche.jpg\",\"contentUrl\":\"http:\\\/\\\/chamonix-cross-country-skiing.com\\\/wp-content\\\/uploads\\\/2015\\\/11\\\/Biathlon-position-couche.jpg\"},{\"@type\":\"BreadcrumbList\",\"@id\":\"https:\\\/\\\/chamonix-cross-country-skiing.com\\\/biathlon-moniteur-ski-fond-chamonix\\\/#breadcrumb\",\"itemListElement\":[{\"@type\":\"ListItem\",\"position\":1,\"name\":\"Accueil\",\"item\":\"https:\\\/\\\/chamonix-cross-country-skiing.com\\\/\"},{\"@type\":\"ListItem\",\"position\":2,\"name\":\"Biathlon\"}]},{\"@type\":\"WebSite\",\"@id\":\"https:\\\/\\\/chamonix-cross-country-skiing.com\\\/#website\",\"url\":\"https:\\\/\\\/chamonix-cross-country-skiing.com\\\/\",\"name\":\"{:fr}CHAMONIX CROSS COUNTRY SKIING{:}{:en}CHAMONIX CROSS COUNTRY SKIING{:}\",\"description\":\"Nordic Activities\",\"publisher\":{\"@id\":\"https:\\\/\\\/chamonix-cross-country-skiing.com\\\/#organization\"},\"potentialAction\":[{\"@type\":\"SearchAction\",\"target\":{\"@type\":\"EntryPoint\",\"urlTemplate\":\"https:\\\/\\\/chamonix-cross-country-skiing.com\\\/?s={search_term_string}\"},\"query-input\":{\"@type\":\"PropertyValueSpecification\",\"valueRequired\":true,\"valueName\":\"search_term_string\"}}],\"inLanguage\":\"en-EN\"},{\"@type\":\"Organization\",\"@id\":\"https:\\\/\\\/chamonix-cross-country-skiing.com\\\/#organization\",\"name\":\"chamonix cross country skiing\",\"url\":\"https:\\\/\\\/chamonix-cross-country-skiing.com\\\/\",\"logo\":{\"@type\":\"ImageObject\",\"inLanguage\":\"en-EN\",\"@id\":\"https:\\\/\\\/chamonix-cross-country-skiing.com\\\/#\\\/schema\\\/logo\\\/image\\\/\",\"url\":\"https:\\\/\\\/chamonix-cross-country-skiing.com\\\/wp-content\\\/uploads\\\/2015\\\/12\\\/cropped-cropped-Copie-de-Logo-CCCS-couleurs-160X142-2.png\",\"contentUrl\":\"https:\\\/\\\/chamonix-cross-country-skiing.com\\\/wp-content\\\/uploads\\\/2015\\\/12\\\/cropped-cropped-Copie-de-Logo-CCCS-couleurs-160X142-2.png\",\"width\":142,\"height\":142,\"caption\":\"chamonix cross country skiing\"},\"image\":{\"@id\":\"https:\\\/\\\/chamonix-cross-country-skiing.com\\\/#\\\/schema\\\/logo\\\/image\\\/\"},\"sameAs\":[\"https:\\\/\\\/www.facebook.com\\\/skiinginstructor\\\/\",\"https:\\\/\\\/www.instagram.com\\\/richyetel\\\/\",\"https:\\\/\\\/www.youtube.com\\\/channel\\\/UCIMD-mUYgvLOZRV8-KjJ_IA\"]}]}<\/script>\n<!-- \/ Yoast SEO plugin. -->","yoast_head_json":{"title":"Start Biathlon with Chamonix Cross Country Skiing","description":"Biathlon is a winter Olympic event. It consists in combining XC skiing and air rifle target shooting. Teacher Richard Etellin. +33 0661766368","robots":{"index":"index","follow":"follow","max-snippet":"max-snippet:-1","max-image-preview":"max-image-preview:large","max-video-preview":"max-video-preview:-1"},"canonical":"https:\/\/chamonix-cross-country-skiing.com\/biathlon-moniteur-ski-fond-chamonix\/","og_locale":"en_US","og_type":"article","og_title":"Start Biathlon with Chamonix Cross Country Skiing","og_description":"Biathlon is a winter Olympic event. It consists in combining XC skiing and air rifle target shooting. Teacher Richard Etellin. +33 0661766368","og_url":"https:\/\/chamonix-cross-country-skiing.com\/biathlon-moniteur-ski-fond-chamonix\/","og_site_name":"CHAMONIX CROSS COUNTRY SKIING","article_publisher":"https:\/\/www.facebook.com\/skiinginstructor\/","article_modified_time":"2024-11-23T15:28:47+00:00","og_image":[{"url":"http:\/\/chamonix-cross-country-skiing.com\/wp-content\/uploads\/2015\/11\/Biathlon-position-couche.jpg","type":"","width":"","height":""}],"twitter_card":"summary_large_image","twitter_misc":{"Est. reading time":"2 minutes"},"schema":{"@context":"https:\/\/schema.org","@graph":[{"@type":"WebPage","@id":"https:\/\/chamonix-cross-country-skiing.com\/biathlon-moniteur-ski-fond-chamonix\/","url":"https:\/\/chamonix-cross-country-skiing.com\/biathlon-moniteur-ski-fond-chamonix\/","name":"Initiation au Biathlon avec un Moniteur \u00e0 Chamonix","isPartOf":{"@id":"https:\/\/chamonix-cross-country-skiing.com\/#website"},"primaryImageOfPage":{"@id":"https:\/\/chamonix-cross-country-skiing.com\/biathlon-moniteur-ski-fond-chamonix\/#primaryimage"},"image":{"@id":"https:\/\/chamonix-cross-country-skiing.com\/biathlon-moniteur-ski-fond-chamonix\/#primaryimage"},"thumbnailUrl":"http:\/\/chamonix-cross-country-skiing.com\/wp-content\/uploads\/2015\/11\/Biathlon-position-couche.jpg","datePublished":"2015-11-02T15:51:25+00:00","dateModified":"2024-11-23T15:28:47+00:00","description":"Le Biathlon est une activit\u00e9 de sport d'hiver tr\u00e8s ludique tous publics. Avec un moniteur dipl\u00f4m\u00e9 venez pratiquez \u00e0 Chamonix. Familles,Groupes","breadcrumb":{"@id":"https:\/\/chamonix-cross-country-skiing.com\/biathlon-moniteur-ski-fond-chamonix\/#breadcrumb"},"inLanguage":"en-EN","potentialAction":[{"@type":"ReadAction","target":["https:\/\/chamonix-cross-country-skiing.com\/biathlon-moniteur-ski-fond-chamonix\/"]}]},{"@type":"ImageObject","inLanguage":"en-EN","@id":"https:\/\/chamonix-cross-country-skiing.com\/biathlon-moniteur-ski-fond-chamonix\/#primaryimage","url":"http:\/\/chamonix-cross-country-skiing.com\/wp-content\/uploads\/2015\/11\/Biathlon-position-couche.jpg","contentUrl":"http:\/\/chamonix-cross-country-skiing.com\/wp-content\/uploads\/2015\/11\/Biathlon-position-couche.jpg"},{"@type":"BreadcrumbList","@id":"https:\/\/chamonix-cross-country-skiing.com\/biathlon-moniteur-ski-fond-chamonix\/#breadcrumb","itemListElement":[{"@type":"ListItem","position":1,"name":"Accueil","item":"https:\/\/chamonix-cross-country-skiing.com\/"},{"@type":"ListItem","position":2,"name":"Biathlon"}]},{"@type":"WebSite","@id":"https:\/\/chamonix-cross-country-skiing.com\/#website","url":"https:\/\/chamonix-cross-country-skiing.com\/","name":"{:fr}CHAMONIX CROSS COUNTRY SKIING{:}{:en}CHAMONIX CROSS COUNTRY SKIING{:}","description":"Nordic Activities","publisher":{"@id":"https:\/\/chamonix-cross-country-skiing.com\/#organization"},"potentialAction":[{"@type":"SearchAction","target":{"@type":"EntryPoint","urlTemplate":"https:\/\/chamonix-cross-country-skiing.com\/?s={search_term_string}"},"query-input":{"@type":"PropertyValueSpecification","valueRequired":true,"valueName":"search_term_string"}}],"inLanguage":"en-EN"},{"@type":"Organization","@id":"https:\/\/chamonix-cross-country-skiing.com\/#organization","name":"chamonix cross country skiing","url":"https:\/\/chamonix-cross-country-skiing.com\/","logo":{"@type":"ImageObject","inLanguage":"en-EN","@id":"https:\/\/chamonix-cross-country-skiing.com\/#\/schema\/logo\/image\/","url":"https:\/\/chamonix-cross-country-skiing.com\/wp-content\/uploads\/2015\/12\/cropped-cropped-Copie-de-Logo-CCCS-couleurs-160X142-2.png","contentUrl":"https:\/\/chamonix-cross-country-skiing.com\/wp-content\/uploads\/2015\/12\/cropped-cropped-Copie-de-Logo-CCCS-couleurs-160X142-2.png","width":142,"height":142,"caption":"chamonix cross country skiing"},"image":{"@id":"https:\/\/chamonix-cross-country-skiing.com\/#\/schema\/logo\/image\/"},"sameAs":["https:\/\/www.facebook.com\/skiinginstructor\/","https:\/\/www.instagram.com\/richyetel\/","https:\/\/www.youtube.com\/channel\/UCIMD-mUYgvLOZRV8-KjJ_IA"]}]}},"_links":{"self":[{"href":"https:\/\/chamonix-cross-country-skiing.com\/en\/wp-json\/wp\/v2\/pages\/10","targetHints":{"allow":["GET"]}}],"collection":[{"href":"https:\/\/chamonix-cross-country-skiing.com\/en\/wp-json\/wp\/v2\/pages"}],"about":[{"href":"https:\/\/chamonix-cross-country-skiing.com\/en\/wp-json\/wp\/v2\/types\/page"}],"author":[{"embeddable":true,"href":"https:\/\/chamonix-cross-country-skiing.com\/en\/wp-json\/wp\/v2\/users\/1"}],"replies":[{"embeddable":true,"href":"https:\/\/chamonix-cross-country-skiing.com\/en\/wp-json\/wp\/v2\/comments?post=10"}],"version-history":[{"count":2,"href":"https:\/\/chamonix-cross-country-skiing.com\/en\/wp-json\/wp\/v2\/pages\/10\/revisions"}],"predecessor-version":[{"id":2852,"href":"https:\/\/chamonix-cross-country-skiing.com\/en\/wp-json\/wp\/v2\/pages\/10\/revisions\/2852"}],"wp:attachment":[{"href":"https:\/\/chamonix-cross-country-skiing.com\/en\/wp-json\/wp\/v2\/media?parent=10"}],"curies":[{"name":"wp","href":"https:\/\/api.w.org\/{rel}","templated":true}]}}