{"id":125,"date":"2015-11-08T21:09:42","date_gmt":"2015-11-08T20:09:42","guid":{"rendered":"http:\/\/chamonix-cross-country-skiing.com\/?page_id=125"},"modified":"2025-11-19T10:28:26","modified_gmt":"2025-11-19T09:28:26","slug":"renseignements-utiles-raquette-a-neige","status":"publish","type":"page","link":"https:\/\/chamonix-cross-country-skiing.com\/en\/raquette-a-neige\/renseignements-utiles-raquette-a-neige\/","title":{"rendered":"Useful information for snowshoeing"},"content":{"rendered":"<h1 style=\"text-align: center;\">Time table<\/h1>\n<p>Everyday (reservation necessary)<\/p>\n<p>Morning\u00a0 9:30-12:00<\/p>\n<p>Afternoon\u00a0 14:00-16:30<\/p>\n<h1>INFO:+33 0661766368<\/h1>\n<h2 style=\"text-align: center;\">Equipment<\/h2>\n<p>Rent your snowshoes and poles in local hire shop. <a href=\"http:\/\/chamonix-cross-country-skiing.com\/magasin-partenaire\/\">click here<\/a><\/p>\n<p>Ski wear with warm socks and winter hiking boots with a fairly rigid sole. A pair of gloves and sunglasses are also highly recommended.<\/p>\n<h1 style=\"text-align: center;\">Snowshoeing fee for 1 to 4 people<\/h1>\n<h2 style=\"text-align: center;\"><\/h2>\n<table class=\"aligncenter\" style=\"height: 246px;\" border=\"0\" width=\"800\" cellspacing=\"10\" cellpadding=\"10\">\n<tbody>\n<tr>\n<th style=\"text-align: center;\" align=\"center\" width=\"200\"><span style=\"color: #000000;\">half-day<\/span><\/th>\n<th style=\"text-align: center;\" align=\"center\" width=\"200\"><span style=\"color: #000000;\">day<\/span><\/th>\n<th style=\"text-align: center;\" align=\"center\" width=\"400\"><span style=\"color: #000000;\">extra person<\/span><\/th>\n<\/tr>\n<tr>\n<td style=\"text-align: center;\" align=\"center\" bgcolor=\"#248be5\"><strong><span style=\"color: #ffffff;\">250\u20ac<\/span><\/strong><\/td>\n<td style=\"text-align: center;\" align=\"center\" bgcolor=\"#248be5\"><strong><span style=\"color: #ffffff;\">350\u20ac<\/span><\/strong><\/td>\n<td style=\"text-align: center;\" align=\"center\" bgcolor=\"#248be5\"><strong><span style=\"color: #ffffff;\">40\u20ac<\/span><\/strong><\/td>\n<\/tr>\n<tr>\n<td style=\"text-align: center;\" align=\"center\" bgcolor=\"#00CC33\"><strong><span style=\"color: #ffffff;\">9am &#8211; midday<br \/>\n1:30pm &#8211; 4:30pm<\/span><\/strong><\/td>\n<td style=\"text-align: center;\" align=\"center\" bgcolor=\"#00CC33\"><strong><span style=\"color: #ffffff;\">9am &#8211; 4:30pm<\/span><\/strong><\/td>\n<td style=\"text-align: center;\" align=\"center\" bgcolor=\"#00CC33\"><strong><span style=\"color: #ffffff;\">40\u20ac<\/span><\/strong><\/td>\n<\/tr>\n<\/tbody>\n<\/table>\n<p class=\"western\" style=\"text-align: center;\" align=\"LEFT\"><a href=\"mailto:info@chamonix-cross-country-skiing.com?subject=Snowshoeing through cccs website\">Contact us for more details!<\/a><\/p>\n","protected":false},"excerpt":{"rendered":"<div class=\"entry-summary\">\nTime table Everyday (reservation necessary) Morning\u00a0 9:30-12:00 Afternoon\u00a0 14:00-16:30 INFO:+33 0661766368 Equipment Rent your snowshoes and poles in local hire shop. click here Ski wear with warm socks and winter hiking boots with a fairly rigid sole. A pair of&hellip;\n<\/div>\n<div class=\"link-more\"><a href=\"https:\/\/chamonix-cross-country-skiing.com\/en\/raquette-a-neige\/renseignements-utiles-raquette-a-neige\/\" class=\"more-link\">Continue reading<span class=\"screen-reader-text\"> &ldquo;Useful information for snowshoeing&rdquo;<\/span>&hellip;<\/a><\/div>\n","protected":false},"author":1,"featured_media":2691,"parent":36,"menu_order":0,"comment_status":"closed","ping_status":"closed","template":"","meta":{"_exactmetrics_skip_tracking":false,"_exactmetrics_sitenote_active":false,"_exactmetrics_sitenote_note":"","_exactmetrics_sitenote_category":0,"footnotes":""},"class_list":["post-125","page","type-page","status-publish","has-post-thumbnail","hentry","entry"],"translation":{"provider":"WPGlobus","version":"3.0.2","language":"en","enabled_languages":["fr","en"],"languages":{"fr":{"title":true,"content":true,"excerpt":false},"en":{"title":true,"content":true,"excerpt":false}}},"yoast_head":"<!-- This site is optimized with the Yoast SEO plugin v27.3 - https:\/\/yoast.com\/product\/yoast-seo-wordpress\/ -->\n<title>Useful information for snowshoeing - CHAMONIX CROSS COUNTRY SKIING<\/title>\n<meta name=\"description\" content=\"CHAMONIX CROSS COUNTRY SKIING Snowshoeing is the perfect winter activity for non skiers. you will enjoy the mountains views\" \/>\n<meta name=\"robots\" content=\"index, follow, max-snippet:-1, max-image-preview:large, max-video-preview:-1\" \/>\n<link rel=\"canonical\" href=\"https:\/\/chamonix-cross-country-skiing.com\/raquette-a-neige\/renseignements-utiles-raquette-a-neige\/\" \/>\n<meta property=\"og:locale\" content=\"en_US\" \/>\n<meta property=\"og:type\" content=\"article\" \/>\n<meta property=\"og:title\" content=\"Useful information for snowshoeing - CHAMONIX CROSS COUNTRY SKIING\" \/>\n<meta property=\"og:description\" content=\"CHAMONIX CROSS COUNTRY SKIING Snowshoeing is the perfect winter activity for non skiers. you will enjoy the mountains views\" \/>\n<meta property=\"og:url\" content=\"https:\/\/chamonix-cross-country-skiing.com\/raquette-a-neige\/renseignements-utiles-raquette-a-neige\/\" \/>\n<meta property=\"og:site_name\" content=\"CHAMONIX CROSS COUNTRY SKIING\" \/>\n<meta property=\"article:publisher\" content=\"https:\/\/www.facebook.com\/skiinginstructor\/\" \/>\n<meta property=\"article:modified_time\" content=\"2025-11-19T09:28:26+00:00\" \/>\n<meta property=\"og:image\" content=\"https:\/\/chamonix-cross-country-skiing.com\/wp-content\/uploads\/2022\/12\/image-agenda.jpg\" \/>\n\t<meta property=\"og:image:width\" content=\"259\" \/>\n\t<meta property=\"og:image:height\" content=\"194\" \/>\n\t<meta property=\"og:image:type\" content=\"image\/jpeg\" \/>\n<meta name=\"twitter:card\" content=\"summary_large_image\" \/>\n<meta name=\"twitter:label1\" content=\"Est. reading time\" \/>\n\t<meta name=\"twitter:data1\" content=\"1 minute\" \/>\n<script type=\"application\/ld+json\" class=\"yoast-schema-graph\">{\"@context\":\"https:\\\/\\\/schema.org\",\"@graph\":[{\"@type\":\"WebPage\",\"@id\":\"https:\\\/\\\/chamonix-cross-country-skiing.com\\\/raquette-a-neige\\\/renseignements-utiles-raquette-a-neige\\\/\",\"url\":\"https:\\\/\\\/chamonix-cross-country-skiing.com\\\/raquette-a-neige\\\/renseignements-utiles-raquette-a-neige\\\/\",\"name\":\"Useful information for snowshoeing - CHAMONIX CROSS COUNTRY SKIING\",\"isPartOf\":{\"@id\":\"https:\\\/\\\/chamonix-cross-country-skiing.com\\\/#website\"},\"primaryImageOfPage\":{\"@id\":\"https:\\\/\\\/chamonix-cross-country-skiing.com\\\/raquette-a-neige\\\/renseignements-utiles-raquette-a-neige\\\/#primaryimage\"},\"image\":{\"@id\":\"https:\\\/\\\/chamonix-cross-country-skiing.com\\\/raquette-a-neige\\\/renseignements-utiles-raquette-a-neige\\\/#primaryimage\"},\"thumbnailUrl\":\"https:\\\/\\\/chamonix-cross-country-skiing.com\\\/wp-content\\\/uploads\\\/2022\\\/12\\\/image-agenda.jpg\",\"datePublished\":\"2015-11-08T20:09:42+00:00\",\"dateModified\":\"2025-11-19T09:28:26+00:00\",\"description\":\"Renseignements utiles pour vos sorties raquette \u00e0 neige encadr\u00e9e par un accompagnateur en montagne vall\u00e9e de Chamonix Mont-Blanc\",\"breadcrumb\":{\"@id\":\"https:\\\/\\\/chamonix-cross-country-skiing.com\\\/raquette-a-neige\\\/renseignements-utiles-raquette-a-neige\\\/#breadcrumb\"},\"inLanguage\":\"en-EN\",\"potentialAction\":[{\"@type\":\"ReadAction\",\"target\":[\"https:\\\/\\\/chamonix-cross-country-skiing.com\\\/raquette-a-neige\\\/renseignements-utiles-raquette-a-neige\\\/\"]}]},{\"@type\":\"ImageObject\",\"inLanguage\":\"en-EN\",\"@id\":\"https:\\\/\\\/chamonix-cross-country-skiing.com\\\/raquette-a-neige\\\/renseignements-utiles-raquette-a-neige\\\/#primaryimage\",\"url\":\"https:\\\/\\\/chamonix-cross-country-skiing.com\\\/wp-content\\\/uploads\\\/2022\\\/12\\\/image-agenda.jpg\",\"contentUrl\":\"https:\\\/\\\/chamonix-cross-country-skiing.com\\\/wp-content\\\/uploads\\\/2022\\\/12\\\/image-agenda.jpg\",\"width\":259,\"height\":194},{\"@type\":\"BreadcrumbList\",\"@id\":\"https:\\\/\\\/chamonix-cross-country-skiing.com\\\/raquette-a-neige\\\/renseignements-utiles-raquette-a-neige\\\/#breadcrumb\",\"itemListElement\":[{\"@type\":\"ListItem\",\"position\":1,\"name\":\"Accueil\",\"item\":\"https:\\\/\\\/chamonix-cross-country-skiing.com\\\/\"},{\"@type\":\"ListItem\",\"position\":2,\"name\":\"Raquette \u00e0 neige\",\"item\":\"https:\\\/\\\/chamonix-cross-country-skiing.com\\\/raquette-a-neige\\\/\"},{\"@type\":\"ListItem\",\"position\":3,\"name\":\"Renseignements utiles raquette \u00e0 neige\"}]},{\"@type\":\"WebSite\",\"@id\":\"https:\\\/\\\/chamonix-cross-country-skiing.com\\\/#website\",\"url\":\"https:\\\/\\\/chamonix-cross-country-skiing.com\\\/\",\"name\":\"{:fr}CHAMONIX CROSS COUNTRY SKIING{:}{:en}CHAMONIX CROSS COUNTRY SKIING{:}\",\"description\":\"Nordic Activities\",\"publisher\":{\"@id\":\"https:\\\/\\\/chamonix-cross-country-skiing.com\\\/#organization\"},\"potentialAction\":[{\"@type\":\"SearchAction\",\"target\":{\"@type\":\"EntryPoint\",\"urlTemplate\":\"https:\\\/\\\/chamonix-cross-country-skiing.com\\\/?s={search_term_string}\"},\"query-input\":{\"@type\":\"PropertyValueSpecification\",\"valueRequired\":true,\"valueName\":\"search_term_string\"}}],\"inLanguage\":\"en-EN\"},{\"@type\":\"Organization\",\"@id\":\"https:\\\/\\\/chamonix-cross-country-skiing.com\\\/#organization\",\"name\":\"chamonix cross country skiing\",\"url\":\"https:\\\/\\\/chamonix-cross-country-skiing.com\\\/\",\"logo\":{\"@type\":\"ImageObject\",\"inLanguage\":\"en-EN\",\"@id\":\"https:\\\/\\\/chamonix-cross-country-skiing.com\\\/#\\\/schema\\\/logo\\\/image\\\/\",\"url\":\"https:\\\/\\\/chamonix-cross-country-skiing.com\\\/wp-content\\\/uploads\\\/2015\\\/12\\\/cropped-cropped-Copie-de-Logo-CCCS-couleurs-160X142-2.png\",\"contentUrl\":\"https:\\\/\\\/chamonix-cross-country-skiing.com\\\/wp-content\\\/uploads\\\/2015\\\/12\\\/cropped-cropped-Copie-de-Logo-CCCS-couleurs-160X142-2.png\",\"width\":142,\"height\":142,\"caption\":\"chamonix cross country skiing\"},\"image\":{\"@id\":\"https:\\\/\\\/chamonix-cross-country-skiing.com\\\/#\\\/schema\\\/logo\\\/image\\\/\"},\"sameAs\":[\"https:\\\/\\\/www.facebook.com\\\/skiinginstructor\\\/\",\"https:\\\/\\\/www.instagram.com\\\/richyetel\\\/\",\"https:\\\/\\\/www.youtube.com\\\/channel\\\/UCIMD-mUYgvLOZRV8-KjJ_IA\"]}]}<\/script>\n<!-- \/ Yoast SEO plugin. -->","yoast_head_json":{"title":"Useful information for snowshoeing - CHAMONIX CROSS COUNTRY SKIING","description":"CHAMONIX CROSS COUNTRY SKIING Snowshoeing is the perfect winter activity for non skiers. you will enjoy the mountains views","robots":{"index":"index","follow":"follow","max-snippet":"max-snippet:-1","max-image-preview":"max-image-preview:large","max-video-preview":"max-video-preview:-1"},"canonical":"https:\/\/chamonix-cross-country-skiing.com\/raquette-a-neige\/renseignements-utiles-raquette-a-neige\/","og_locale":"en_US","og_type":"article","og_title":"Useful information for snowshoeing - CHAMONIX CROSS COUNTRY SKIING","og_description":"CHAMONIX CROSS COUNTRY SKIING Snowshoeing is the perfect winter activity for non skiers. you will enjoy the mountains views","og_url":"https:\/\/chamonix-cross-country-skiing.com\/raquette-a-neige\/renseignements-utiles-raquette-a-neige\/","og_site_name":"CHAMONIX CROSS COUNTRY SKIING","article_publisher":"https:\/\/www.facebook.com\/skiinginstructor\/","article_modified_time":"2025-11-19T09:28:26+00:00","og_image":[{"width":259,"height":194,"url":"https:\/\/chamonix-cross-country-skiing.com\/wp-content\/uploads\/2022\/12\/image-agenda.jpg","type":"image\/jpeg"}],"twitter_card":"summary_large_image","twitter_misc":{"Est. reading time":"1 minute"},"schema":{"@context":"https:\/\/schema.org","@graph":[{"@type":"WebPage","@id":"https:\/\/chamonix-cross-country-skiing.com\/raquette-a-neige\/renseignements-utiles-raquette-a-neige\/","url":"https:\/\/chamonix-cross-country-skiing.com\/raquette-a-neige\/renseignements-utiles-raquette-a-neige\/","name":"Useful information for snowshoeing - CHAMONIX CROSS COUNTRY SKIING","isPartOf":{"@id":"https:\/\/chamonix-cross-country-skiing.com\/#website"},"primaryImageOfPage":{"@id":"https:\/\/chamonix-cross-country-skiing.com\/raquette-a-neige\/renseignements-utiles-raquette-a-neige\/#primaryimage"},"image":{"@id":"https:\/\/chamonix-cross-country-skiing.com\/raquette-a-neige\/renseignements-utiles-raquette-a-neige\/#primaryimage"},"thumbnailUrl":"https:\/\/chamonix-cross-country-skiing.com\/wp-content\/uploads\/2022\/12\/image-agenda.jpg","datePublished":"2015-11-08T20:09:42+00:00","dateModified":"2025-11-19T09:28:26+00:00","description":"Renseignements utiles pour vos sorties raquette \u00e0 neige encadr\u00e9e par un accompagnateur en montagne vall\u00e9e de Chamonix Mont-Blanc","breadcrumb":{"@id":"https:\/\/chamonix-cross-country-skiing.com\/raquette-a-neige\/renseignements-utiles-raquette-a-neige\/#breadcrumb"},"inLanguage":"en-EN","potentialAction":[{"@type":"ReadAction","target":["https:\/\/chamonix-cross-country-skiing.com\/raquette-a-neige\/renseignements-utiles-raquette-a-neige\/"]}]},{"@type":"ImageObject","inLanguage":"en-EN","@id":"https:\/\/chamonix-cross-country-skiing.com\/raquette-a-neige\/renseignements-utiles-raquette-a-neige\/#primaryimage","url":"https:\/\/chamonix-cross-country-skiing.com\/wp-content\/uploads\/2022\/12\/image-agenda.jpg","contentUrl":"https:\/\/chamonix-cross-country-skiing.com\/wp-content\/uploads\/2022\/12\/image-agenda.jpg","width":259,"height":194},{"@type":"BreadcrumbList","@id":"https:\/\/chamonix-cross-country-skiing.com\/raquette-a-neige\/renseignements-utiles-raquette-a-neige\/#breadcrumb","itemListElement":[{"@type":"ListItem","position":1,"name":"Accueil","item":"https:\/\/chamonix-cross-country-skiing.com\/"},{"@type":"ListItem","position":2,"name":"Raquette \u00e0 neige","item":"https:\/\/chamonix-cross-country-skiing.com\/raquette-a-neige\/"},{"@type":"ListItem","position":3,"name":"Renseignements utiles raquette \u00e0 neige"}]},{"@type":"WebSite","@id":"https:\/\/chamonix-cross-country-skiing.com\/#website","url":"https:\/\/chamonix-cross-country-skiing.com\/","name":"{:fr}CHAMONIX CROSS COUNTRY SKIING{:}{:en}CHAMONIX CROSS COUNTRY SKIING{:}","description":"Nordic Activities","publisher":{"@id":"https:\/\/chamonix-cross-country-skiing.com\/#organization"},"potentialAction":[{"@type":"SearchAction","target":{"@type":"EntryPoint","urlTemplate":"https:\/\/chamonix-cross-country-skiing.com\/?s={search_term_string}"},"query-input":{"@type":"PropertyValueSpecification","valueRequired":true,"valueName":"search_term_string"}}],"inLanguage":"en-EN"},{"@type":"Organization","@id":"https:\/\/chamonix-cross-country-skiing.com\/#organization","name":"chamonix cross country skiing","url":"https:\/\/chamonix-cross-country-skiing.com\/","logo":{"@type":"ImageObject","inLanguage":"en-EN","@id":"https:\/\/chamonix-cross-country-skiing.com\/#\/schema\/logo\/image\/","url":"https:\/\/chamonix-cross-country-skiing.com\/wp-content\/uploads\/2015\/12\/cropped-cropped-Copie-de-Logo-CCCS-couleurs-160X142-2.png","contentUrl":"https:\/\/chamonix-cross-country-skiing.com\/wp-content\/uploads\/2015\/12\/cropped-cropped-Copie-de-Logo-CCCS-couleurs-160X142-2.png","width":142,"height":142,"caption":"chamonix cross country skiing"},"image":{"@id":"https:\/\/chamonix-cross-country-skiing.com\/#\/schema\/logo\/image\/"},"sameAs":["https:\/\/www.facebook.com\/skiinginstructor\/","https:\/\/www.instagram.com\/richyetel\/","https:\/\/www.youtube.com\/channel\/UCIMD-mUYgvLOZRV8-KjJ_IA"]}]}},"_links":{"self":[{"href":"https:\/\/chamonix-cross-country-skiing.com\/en\/wp-json\/wp\/v2\/pages\/125","targetHints":{"allow":["GET"]}}],"collection":[{"href":"https:\/\/chamonix-cross-country-skiing.com\/en\/wp-json\/wp\/v2\/pages"}],"about":[{"href":"https:\/\/chamonix-cross-country-skiing.com\/en\/wp-json\/wp\/v2\/types\/page"}],"author":[{"embeddable":true,"href":"https:\/\/chamonix-cross-country-skiing.com\/en\/wp-json\/wp\/v2\/users\/1"}],"replies":[{"embeddable":true,"href":"https:\/\/chamonix-cross-country-skiing.com\/en\/wp-json\/wp\/v2\/comments?post=125"}],"version-history":[{"count":4,"href":"https:\/\/chamonix-cross-country-skiing.com\/en\/wp-json\/wp\/v2\/pages\/125\/revisions"}],"predecessor-version":[{"id":2945,"href":"https:\/\/chamonix-cross-country-skiing.com\/en\/wp-json\/wp\/v2\/pages\/125\/revisions\/2945"}],"up":[{"embeddable":true,"href":"https:\/\/chamonix-cross-country-skiing.com\/en\/wp-json\/wp\/v2\/pages\/36"}],"wp:featuredmedia":[{"embeddable":true,"href":"https:\/\/chamonix-cross-country-skiing.com\/en\/wp-json\/wp\/v2\/media\/2691"}],"wp:attachment":[{"href":"https:\/\/chamonix-cross-country-skiing.com\/en\/wp-json\/wp\/v2\/media?parent=125"}],"curies":[{"name":"wp","href":"https:\/\/api.w.org\/{rel}","templated":true}]}}