{"id":168,"date":"2015-11-10T21:18:24","date_gmt":"2015-11-10T20:18:24","guid":{"rendered":"http:\/\/chamonix-cross-country-skiing.com\/?page_id=168"},"modified":"2022-04-24T15:29:20","modified_gmt":"2022-04-24T14:29:20","slug":"ete","status":"publish","type":"page","link":"https:\/\/chamonix-cross-country-skiing.com\/en\/ete\/","title":{"rendered":"Summer"},"content":{"rendered":"<h1 style=\"text-align: center;\">Summer activities<\/h1>\n<h2><strong>Find us on our summer web site:<br \/>\n<\/strong><\/h2>\n<p><img loading=\"lazy\" decoding=\"async\" class=\"aligncenter size-thumbnail wp-image-1748\" src=\"http:\/\/chamonix-cross-country-skiing.com\/wp-content\/uploads\/2015\/11\/t\u00e9l\u00e9chargement-1-150x150.png\" alt=\"Site internet MontBlanc Loisirs.com\" width=\"150\" height=\"150\"><\/p>\n<h3><strong><a href=\"http:\/\/www.montblanc-loisirs.com\" target=\"_blank\" rel=\"noopener\">www.montblanc-loisirs.com<\/a><\/strong><\/h3>\n<p><span style=\"text-decoration: underline;\">We guiding Montain biking for all levels<\/span><\/p>\n<figure id=\"attachment_319\" aria-describedby=\"caption-attachment-319\" style=\"width: 399px\" class=\"wp-caption aligncenter\"><img loading=\"lazy\" decoding=\"async\" class=\"wp-image-319 size-full\" title=\"Mountain Bike excursion with view of the Mont-Blanc.\" src=\"http:\/\/chamonix-cross-country-skiing.com\/wp-content\/uploads\/2015\/11\/montblanc-loisirs-vtt-chamonix.jpg\" alt=\"Mountain Bike excursion with view of the Mont-Blanc.\" width=\"399\" height=\"241\" srcset=\"https:\/\/chamonix-cross-country-skiing.com\/wp-content\/uploads\/2015\/11\/montblanc-loisirs-vtt-chamonix.jpg 399w, https:\/\/chamonix-cross-country-skiing.com\/wp-content\/uploads\/2015\/11\/montblanc-loisirs-vtt-chamonix-300x181.jpg 300w\" sizes=\"auto, (max-width: 399px) 100vw, 399px\" \/><figcaption id=\"caption-attachment-319\" class=\"wp-caption-text\">Mountain bike excursion with view of the Mont-Blanc.<\/figcaption><\/figure>\n<p>More info: Mobile 0033 (0)661766368<\/p>\n<figure id=\"attachment_321\" aria-describedby=\"caption-attachment-321\" style=\"width: 400px\" class=\"wp-caption aligncenter\"><img loading=\"lazy\" decoding=\"async\" class=\"wp-image-321\" title=\"Hiking on the GR Mont-Blanc.\" src=\"http:\/\/chamonix-cross-country-skiing.com\/wp-content\/uploads\/2015\/11\/montblanc-loisirs-randonn\u00e9e-autour-du-mont-blanc.jpg\" alt=\"Hiking on the GR Mont-Blanc.\" width=\"400\" height=\"266\" srcset=\"https:\/\/chamonix-cross-country-skiing.com\/wp-content\/uploads\/2015\/11\/montblanc-loisirs-randonn\u00e9e-autour-du-mont-blanc.jpg 400w, https:\/\/chamonix-cross-country-skiing.com\/wp-content\/uploads\/2015\/11\/montblanc-loisirs-randonn\u00e9e-autour-du-mont-blanc-300x200.jpg 300w\" sizes=\"auto, (max-width: 400px) 100vw, 400px\" \/><figcaption id=\"caption-attachment-321\" class=\"wp-caption-text\">Hiking on the GR Mont-Blanc.<\/figcaption><\/figure>\n<figure id=\"attachment_640\" aria-describedby=\"caption-attachment-640\" style=\"width: 448px\" class=\"wp-caption aligncenter\"><a href=\"http:\/\/chamonix-cross-country-skiing.com\/wp-content\/uploads\/2015\/11\/vtt-descente.jpg\"><img loading=\"lazy\" decoding=\"async\" class=\"wp-image-640 size-full\" title=\"Downhill Bike with an instructor MontBlanc-loisirs\" src=\"http:\/\/chamonix-cross-country-skiing.com\/wp-content\/uploads\/2015\/11\/vtt-descente.jpg\" alt=\"Downhill Bike with an instructor MontBlanc-loisirs\" width=\"448\" height=\"253\" srcset=\"https:\/\/chamonix-cross-country-skiing.com\/wp-content\/uploads\/2015\/11\/vtt-descente.jpg 448w, https:\/\/chamonix-cross-country-skiing.com\/wp-content\/uploads\/2015\/11\/vtt-descente-300x169.jpg 300w\" sizes=\"auto, (max-width: 448px) 100vw, 448px\" \/><\/a><figcaption id=\"caption-attachment-640\" class=\"wp-caption-text\">Downhill Bike with montblanc-loisirs<\/figcaption><\/figure>\n<figure id=\"attachment_322\" aria-describedby=\"caption-attachment-322\" style=\"width: 400px\" class=\"wp-caption aligncenter\"><img loading=\"lazy\" decoding=\"async\" class=\"wp-image-322\" title=\"Aiguilles Rouges Trail Race Marathon\" src=\"http:\/\/chamonix-cross-country-skiing.com\/wp-content\/uploads\/2015\/11\/montblanc-loisirs-marathon-trail.jpg\" alt=\"Aiguilles Rouges Trail Race Marathon\" width=\"400\" height=\"265\" srcset=\"https:\/\/chamonix-cross-country-skiing.com\/wp-content\/uploads\/2015\/11\/montblanc-loisirs-marathon-trail.jpg 400w, https:\/\/chamonix-cross-country-skiing.com\/wp-content\/uploads\/2015\/11\/montblanc-loisirs-marathon-trail-300x199.jpg 300w\" sizes=\"auto, (max-width: 400px) 100vw, 400px\" \/><figcaption id=\"caption-attachment-322\" class=\"wp-caption-text\">Aiguilles Rouges Marathon trail<\/figcaption><\/figure>\n<p>We offer mountain bike lessons and itineraries, hiking in the Chamonix valley and trail running physical preparation.<\/p>\n<p style=\"text-align: center;\"><a href=\"mailto:info@chamonix-cross-country-skiing.com?subject=Site \u00e9t\u00e9 througt CCCS\">contact us for more details !<\/a><\/p>\n","protected":false},"excerpt":{"rendered":"<div class=\"entry-summary\">\nSummer activities Find us on our summer web site: www.montblanc-loisirs.com We guiding Montain biking for all levels More info: Mobile 0033 (0)661766368 We offer mountain bike lessons and itineraries, hiking in the Chamonix valley and trail running physical preparation. contact&hellip;\n<\/div>\n<div class=\"link-more\"><a href=\"https:\/\/chamonix-cross-country-skiing.com\/en\/ete\/\" class=\"more-link\">Continue reading<span class=\"screen-reader-text\"> &ldquo;Summer&rdquo;<\/span>&hellip;<\/a><\/div>\n","protected":false},"author":1,"featured_media":0,"parent":0,"menu_order":0,"comment_status":"closed","ping_status":"closed","template":"","meta":{"_exactmetrics_skip_tracking":false,"_exactmetrics_sitenote_active":false,"_exactmetrics_sitenote_note":"","_exactmetrics_sitenote_category":0,"footnotes":""},"class_list":["post-168","page","type-page","status-publish","hentry","entry"],"translation":{"provider":"WPGlobus","version":"3.0.2","language":"en","enabled_languages":["fr","en"],"languages":{"fr":{"title":true,"content":true,"excerpt":false},"en":{"title":true,"content":true,"excerpt":false}}},"yoast_head":"<!-- This site is optimized with the Yoast SEO plugin v27.4 - https:\/\/yoast.com\/product\/yoast-seo-wordpress\/ -->\n<title>Summer Activities, Book your Instructor with MontBlanc loisirs.<\/title>\n<meta name=\"description\" content=\"You want to plan your next holidays in Chamonix. Book a guide for your next hiking trip in the French Alps. Your prefer running down slopes with a M Bike.\" \/>\n<meta name=\"robots\" content=\"index, follow, max-snippet:-1, max-image-preview:large, max-video-preview:-1\" \/>\n<link rel=\"canonical\" href=\"https:\/\/chamonix-cross-country-skiing.com\/ete\/\" \/>\n<meta property=\"og:locale\" content=\"en_US\" \/>\n<meta property=\"og:type\" content=\"article\" \/>\n<meta property=\"og:title\" content=\"Summer Activities, Book your Instructor with MontBlanc loisirs.\" \/>\n<meta property=\"og:description\" content=\"You want to plan your next holidays in Chamonix. Book a guide for your next hiking trip in the French Alps. Your prefer running down slopes with a M Bike.\" \/>\n<meta property=\"og:url\" content=\"https:\/\/chamonix-cross-country-skiing.com\/ete\/\" \/>\n<meta property=\"og:site_name\" content=\"CHAMONIX CROSS COUNTRY SKIING\" \/>\n<meta property=\"article:publisher\" content=\"https:\/\/www.facebook.com\/skiinginstructor\/\" \/>\n<meta property=\"article:modified_time\" content=\"2022-04-24T14:29:20+00:00\" \/>\n<meta property=\"og:image\" content=\"http:\/\/chamonix-cross-country-skiing.com\/wp-content\/uploads\/2015\/11\/montblanc-loisirs-vtt-chamonix.jpg\" \/>\n<meta name=\"twitter:card\" content=\"summary_large_image\" \/>\n<meta name=\"twitter:label1\" content=\"Est. reading time\" \/>\n\t<meta name=\"twitter:data1\" content=\"4 minutes\" \/>\n<script type=\"application\/ld+json\" class=\"yoast-schema-graph\">{\"@context\":\"https:\\\/\\\/schema.org\",\"@graph\":[{\"@type\":\"WebPage\",\"@id\":\"https:\\\/\\\/chamonix-cross-country-skiing.com\\\/ete\\\/\",\"url\":\"https:\\\/\\\/chamonix-cross-country-skiing.com\\\/ete\\\/\",\"name\":\"Activit\u00e9s montagne \u00e9t\u00e9 avec un Accompagnateur en Montagne\",\"isPartOf\":{\"@id\":\"https:\\\/\\\/chamonix-cross-country-skiing.com\\\/#website\"},\"primaryImageOfPage\":{\"@id\":\"https:\\\/\\\/chamonix-cross-country-skiing.com\\\/ete\\\/#primaryimage\"},\"image\":{\"@id\":\"https:\\\/\\\/chamonix-cross-country-skiing.com\\\/ete\\\/#primaryimage\"},\"thumbnailUrl\":\"http:\\\/\\\/chamonix-cross-country-skiing.com\\\/wp-content\\\/uploads\\\/2015\\\/11\\\/montblanc-loisirs-vtt-chamonix.jpg\",\"datePublished\":\"2015-11-10T20:18:24+00:00\",\"dateModified\":\"2022-04-24T14:29:20+00:00\",\"description\":\"Retrouvez nous l'\u00e9t\u00e9 sur les chemins de randonn\u00e9e en montagne et les pistes de VTT. Les activit\u00e9s \u00e9t\u00e9 sont sur notre site www.montblanc-loisirs.com\",\"breadcrumb\":{\"@id\":\"https:\\\/\\\/chamonix-cross-country-skiing.com\\\/ete\\\/#breadcrumb\"},\"inLanguage\":\"en-EN\",\"potentialAction\":[{\"@type\":\"ReadAction\",\"target\":[\"https:\\\/\\\/chamonix-cross-country-skiing.com\\\/ete\\\/\"]}]},{\"@type\":\"ImageObject\",\"inLanguage\":\"en-EN\",\"@id\":\"https:\\\/\\\/chamonix-cross-country-skiing.com\\\/ete\\\/#primaryimage\",\"url\":\"http:\\\/\\\/chamonix-cross-country-skiing.com\\\/wp-content\\\/uploads\\\/2015\\\/11\\\/montblanc-loisirs-vtt-chamonix.jpg\",\"contentUrl\":\"http:\\\/\\\/chamonix-cross-country-skiing.com\\\/wp-content\\\/uploads\\\/2015\\\/11\\\/montblanc-loisirs-vtt-chamonix.jpg\"},{\"@type\":\"BreadcrumbList\",\"@id\":\"https:\\\/\\\/chamonix-cross-country-skiing.com\\\/ete\\\/#breadcrumb\",\"itemListElement\":[{\"@type\":\"ListItem\",\"position\":1,\"name\":\"Accueil\",\"item\":\"https:\\\/\\\/chamonix-cross-country-skiing.com\\\/\"},{\"@type\":\"ListItem\",\"position\":2,\"name\":\"\u00c9t\u00e9\"}]},{\"@type\":\"WebSite\",\"@id\":\"https:\\\/\\\/chamonix-cross-country-skiing.com\\\/#website\",\"url\":\"https:\\\/\\\/chamonix-cross-country-skiing.com\\\/\",\"name\":\"{:fr}CHAMONIX CROSS COUNTRY SKIING{:}{:en}CHAMONIX CROSS COUNTRY SKIING{:}\",\"description\":\"Nordic Activities\",\"publisher\":{\"@id\":\"https:\\\/\\\/chamonix-cross-country-skiing.com\\\/#organization\"},\"potentialAction\":[{\"@type\":\"SearchAction\",\"target\":{\"@type\":\"EntryPoint\",\"urlTemplate\":\"https:\\\/\\\/chamonix-cross-country-skiing.com\\\/?s={search_term_string}\"},\"query-input\":{\"@type\":\"PropertyValueSpecification\",\"valueRequired\":true,\"valueName\":\"search_term_string\"}}],\"inLanguage\":\"en-EN\"},{\"@type\":\"Organization\",\"@id\":\"https:\\\/\\\/chamonix-cross-country-skiing.com\\\/#organization\",\"name\":\"chamonix cross country skiing\",\"url\":\"https:\\\/\\\/chamonix-cross-country-skiing.com\\\/\",\"logo\":{\"@type\":\"ImageObject\",\"inLanguage\":\"en-EN\",\"@id\":\"https:\\\/\\\/chamonix-cross-country-skiing.com\\\/#\\\/schema\\\/logo\\\/image\\\/\",\"url\":\"https:\\\/\\\/chamonix-cross-country-skiing.com\\\/wp-content\\\/uploads\\\/2015\\\/12\\\/cropped-cropped-Copie-de-Logo-CCCS-couleurs-160X142-2.png\",\"contentUrl\":\"https:\\\/\\\/chamonix-cross-country-skiing.com\\\/wp-content\\\/uploads\\\/2015\\\/12\\\/cropped-cropped-Copie-de-Logo-CCCS-couleurs-160X142-2.png\",\"width\":142,\"height\":142,\"caption\":\"chamonix cross country skiing\"},\"image\":{\"@id\":\"https:\\\/\\\/chamonix-cross-country-skiing.com\\\/#\\\/schema\\\/logo\\\/image\\\/\"},\"sameAs\":[\"https:\\\/\\\/www.facebook.com\\\/skiinginstructor\\\/\",\"https:\\\/\\\/www.instagram.com\\\/richyetel\\\/\",\"https:\\\/\\\/www.youtube.com\\\/channel\\\/UCIMD-mUYgvLOZRV8-KjJ_IA\"]}]}<\/script>\n<!-- \/ Yoast SEO plugin. -->","yoast_head_json":{"title":"Summer Activities, Book your Instructor with MontBlanc loisirs.","description":"You want to plan your next holidays in Chamonix. Book a guide for your next hiking trip in the French Alps. Your prefer running down slopes with a M Bike.","robots":{"index":"index","follow":"follow","max-snippet":"max-snippet:-1","max-image-preview":"max-image-preview:large","max-video-preview":"max-video-preview:-1"},"canonical":"https:\/\/chamonix-cross-country-skiing.com\/ete\/","og_locale":"en_US","og_type":"article","og_title":"Summer Activities, Book your Instructor with MontBlanc loisirs.","og_description":"You want to plan your next holidays in Chamonix. Book a guide for your next hiking trip in the French Alps. Your prefer running down slopes with a M Bike.","og_url":"https:\/\/chamonix-cross-country-skiing.com\/ete\/","og_site_name":"CHAMONIX CROSS COUNTRY SKIING","article_publisher":"https:\/\/www.facebook.com\/skiinginstructor\/","article_modified_time":"2022-04-24T14:29:20+00:00","og_image":[{"url":"http:\/\/chamonix-cross-country-skiing.com\/wp-content\/uploads\/2015\/11\/montblanc-loisirs-vtt-chamonix.jpg","type":"","width":"","height":""}],"twitter_card":"summary_large_image","twitter_misc":{"Est. reading time":"4 minutes"},"schema":{"@context":"https:\/\/schema.org","@graph":[{"@type":"WebPage","@id":"https:\/\/chamonix-cross-country-skiing.com\/ete\/","url":"https:\/\/chamonix-cross-country-skiing.com\/ete\/","name":"Activit\u00e9s montagne \u00e9t\u00e9 avec un Accompagnateur en Montagne","isPartOf":{"@id":"https:\/\/chamonix-cross-country-skiing.com\/#website"},"primaryImageOfPage":{"@id":"https:\/\/chamonix-cross-country-skiing.com\/ete\/#primaryimage"},"image":{"@id":"https:\/\/chamonix-cross-country-skiing.com\/ete\/#primaryimage"},"thumbnailUrl":"http:\/\/chamonix-cross-country-skiing.com\/wp-content\/uploads\/2015\/11\/montblanc-loisirs-vtt-chamonix.jpg","datePublished":"2015-11-10T20:18:24+00:00","dateModified":"2022-04-24T14:29:20+00:00","description":"Retrouvez nous l'\u00e9t\u00e9 sur les chemins de randonn\u00e9e en montagne et les pistes de VTT. Les activit\u00e9s \u00e9t\u00e9 sont sur notre site www.montblanc-loisirs.com","breadcrumb":{"@id":"https:\/\/chamonix-cross-country-skiing.com\/ete\/#breadcrumb"},"inLanguage":"en-EN","potentialAction":[{"@type":"ReadAction","target":["https:\/\/chamonix-cross-country-skiing.com\/ete\/"]}]},{"@type":"ImageObject","inLanguage":"en-EN","@id":"https:\/\/chamonix-cross-country-skiing.com\/ete\/#primaryimage","url":"http:\/\/chamonix-cross-country-skiing.com\/wp-content\/uploads\/2015\/11\/montblanc-loisirs-vtt-chamonix.jpg","contentUrl":"http:\/\/chamonix-cross-country-skiing.com\/wp-content\/uploads\/2015\/11\/montblanc-loisirs-vtt-chamonix.jpg"},{"@type":"BreadcrumbList","@id":"https:\/\/chamonix-cross-country-skiing.com\/ete\/#breadcrumb","itemListElement":[{"@type":"ListItem","position":1,"name":"Accueil","item":"https:\/\/chamonix-cross-country-skiing.com\/"},{"@type":"ListItem","position":2,"name":"\u00c9t\u00e9"}]},{"@type":"WebSite","@id":"https:\/\/chamonix-cross-country-skiing.com\/#website","url":"https:\/\/chamonix-cross-country-skiing.com\/","name":"{:fr}CHAMONIX CROSS COUNTRY SKIING{:}{:en}CHAMONIX CROSS COUNTRY SKIING{:}","description":"Nordic Activities","publisher":{"@id":"https:\/\/chamonix-cross-country-skiing.com\/#organization"},"potentialAction":[{"@type":"SearchAction","target":{"@type":"EntryPoint","urlTemplate":"https:\/\/chamonix-cross-country-skiing.com\/?s={search_term_string}"},"query-input":{"@type":"PropertyValueSpecification","valueRequired":true,"valueName":"search_term_string"}}],"inLanguage":"en-EN"},{"@type":"Organization","@id":"https:\/\/chamonix-cross-country-skiing.com\/#organization","name":"chamonix cross country skiing","url":"https:\/\/chamonix-cross-country-skiing.com\/","logo":{"@type":"ImageObject","inLanguage":"en-EN","@id":"https:\/\/chamonix-cross-country-skiing.com\/#\/schema\/logo\/image\/","url":"https:\/\/chamonix-cross-country-skiing.com\/wp-content\/uploads\/2015\/12\/cropped-cropped-Copie-de-Logo-CCCS-couleurs-160X142-2.png","contentUrl":"https:\/\/chamonix-cross-country-skiing.com\/wp-content\/uploads\/2015\/12\/cropped-cropped-Copie-de-Logo-CCCS-couleurs-160X142-2.png","width":142,"height":142,"caption":"chamonix cross country skiing"},"image":{"@id":"https:\/\/chamonix-cross-country-skiing.com\/#\/schema\/logo\/image\/"},"sameAs":["https:\/\/www.facebook.com\/skiinginstructor\/","https:\/\/www.instagram.com\/richyetel\/","https:\/\/www.youtube.com\/channel\/UCIMD-mUYgvLOZRV8-KjJ_IA"]}]}},"_links":{"self":[{"href":"https:\/\/chamonix-cross-country-skiing.com\/en\/wp-json\/wp\/v2\/pages\/168","targetHints":{"allow":["GET"]}}],"collection":[{"href":"https:\/\/chamonix-cross-country-skiing.com\/en\/wp-json\/wp\/v2\/pages"}],"about":[{"href":"https:\/\/chamonix-cross-country-skiing.com\/en\/wp-json\/wp\/v2\/types\/page"}],"author":[{"embeddable":true,"href":"https:\/\/chamonix-cross-country-skiing.com\/en\/wp-json\/wp\/v2\/users\/1"}],"replies":[{"embeddable":true,"href":"https:\/\/chamonix-cross-country-skiing.com\/en\/wp-json\/wp\/v2\/comments?post=168"}],"version-history":[{"count":0,"href":"https:\/\/chamonix-cross-country-skiing.com\/en\/wp-json\/wp\/v2\/pages\/168\/revisions"}],"wp:attachment":[{"href":"https:\/\/chamonix-cross-country-skiing.com\/en\/wp-json\/wp\/v2\/media?parent=168"}],"curies":[{"name":"wp","href":"https:\/\/api.w.org\/{rel}","templated":true}]}}