{"id":1959,"date":"2018-10-19T18:05:36","date_gmt":"2018-10-19T17:05:36","guid":{"rendered":"http:\/\/chamonix-cross-country-skiing.com\/?page_id=1959"},"modified":"2024-11-28T11:15:28","modified_gmt":"2024-11-28T10:15:28","slug":"temoignage","status":"publish","type":"page","link":"https:\/\/chamonix-cross-country-skiing.com\/en\/temoignage\/","title":{"rendered":"Testimonial"},"content":{"rendered":"<h1 style=\"text-align: center;\">TESTIMONIAL<\/h1>\n<p>&#8220;Thank you so much Richard for guiding us on a wonderful trip. You took great care of us on the trail and off. I walked and climbed places I could never have done alone&#8221;.<\/p>\n<p>Merci<\/p>\n<p>Peggy and Steve, Michigan USA<\/p>\n<hr \/>\n<p>&#8220;Richard, your leadership, kindness ans skills are greatly appreciated. This trip has been a trip of a lifetime thanks to you. I hope that our paths cross again some day&#8221;.<\/p>\n<p>Stephen and Brian,\u00a0 New work USA<\/p>\n<hr \/>\n<p>&#8220;Thank you so much for the most incredible experience. You are so knowledgeable, talented personable and in our eyes the best guide ever&#8221;.<\/p>\n<p>Shawna and Tony,\u00a0 London England<\/p>\n<hr \/>\n<div class=\"XnNQm\">\n<div class=\"k4kupc\">\n<blockquote class=\"rSdjR\">\n<div class=\"DYAZaf\"><span class=\"oiQd1c\">Nous avons fait une randonn\u00e9e incroyable avec Richard. C&#8217;\u00e9tait notre premi\u00e8re visite dans les Alpes. Il \u00e9tait tr\u00e8s sympathique et extr\u00eamement comp\u00e9tent et nous a fait vivre une exp\u00e9rience formidable. Je reviendrai certainement. Appelle Richard. Le meilleur guide que vous puissiez esp\u00e9rer. (Avis d&#8217;origine) We had an incredible hike with Richard. This was our first visit ever to the Alps. He was very friendly and extremely knowledgeable and gave us a great experience. Will definitely be back. Give Richard a call. Best guide you could hope for.<\/span><\/div>\n<\/blockquote>\n<\/div>\n<\/div>\n<div class=\"Rhj72c\">\n<div class=\"VQTGW\"><img decoding=\"async\" class=\"ntwMne\" src=\"https:\/\/www.gstatic.com\/bfe\/images\/icons\/default_merchant_avatar.svg\" aria-hidden=\"true\" data-iml=\"7148.200000000186\" \/><\/div>\n<div class=\"BNyFuc\">\u00a0<\/div>\n<\/div>\n\n\n<p>Richard est un excellent professeur, en tant que d\u00e9butant total, j&#8217;ai eu l&#8217;impression d&#8217;avoir beaucoup appris et j&#8217;ai pass\u00e9 une matin\u00e9e vraiment amusante. (Avis d&#8217;origine) Richard is an excellent teacher, as a total beginner I felt I learned lots and had a really fun morning.<\/p>\n\n\n\n<p>De bons moments, je reviendrai \u00e0 coup s\u00fbr. Meilleur guide de la r\u00e9gion de Chamonix (Avis d&#8217;origine) Great times, will come back again for sure. Best guide in Chamonix area<\/p>\n\n\n\n<p>Richard est absolument le meilleur entra\u00eeneur de ski de fond que l&#8217;on puisse facilement trouver pr\u00e8s des r\u00e9gions de Gen\u00e8ve &#8211; en fait, j&#8217;ai connu Richard gr\u00e2ce \u00e0 une forte recommandation de mon coll\u00e8gue qui est un skieur expert \ud83d\ude42 Richard a de nombreuses exp\u00e9riences de ski, sait comment enseigner \u00e0 des skieurs de cross-country de diff\u00e9rents niveaux (y compris des skieuses de premi\u00e8re ann\u00e9e comme moi et des athl\u00e8tes de haut niveau), parle couramment plusieurs langues, dont la langue anglaise. Anglais, et surtout, super patient, solidaire et encourageant ! Je ne me suis entra\u00een\u00e9 qu&#8217;une fois avec Richard avant de participer au marathon de ski de fond de l&#8217;Engadine et j&#8217;ai termin\u00e9 le semi-marathon de patinage sans trop souffrir &#8211; merci mille fois Richard ! \u2764\ufe0f Fortement recommand\u00e9 aux skieurs XC de tous niveaux (et \u00e0 ceux int\u00e9ress\u00e9s par d&#8217;autres activit\u00e9s de montagne en \u00e9t\u00e9) !! (Avis d&#8217;origine) Richard is absolutely the best Cross Country Ski coach easily to find near Geneva areas &#8211; actually I knew Richard from a strong recommendation from my colleague who is an expert skier \ud83d\ude42 Richard has abundant skiing experiences, knows how to teach different level XC skiers (incl. freshwoman like me and top level athletes), speaks fluently multiple languages incl. English, and most importantly, super patient, supportive and encouraging! I\u2019ve only trained for once with Richard before going to the Engadin XC ski marathon and finished the skating half marathon without much suffering &#8211; thanks a million Richard! \u2764\ufe0f Strongly recommended for all levels of XC skiers (and for those interested in other mountain activities in summertime)!!<\/p>\n\n\n\n<p>Mon ami et moi avons eu un cours d&#8217;initiation au ski de fond de 2 heures avec Richard. Richard \u00e9tait incroyable. Il est d&#8217;abord venu nous rencontrer. Il nous a conduits au magasin de ski o\u00f9 nous avons pu louer les skis dont nous avions besoin et nous a donn\u00e9 des conseils sur le mat\u00e9riel. Apr\u00e8s cela, il nous a reconduit \u00e0 la montagne o\u00f9 nous avons pu commencer la le\u00e7on. Ses instructions sont tr\u00e8s claires et il nous a appris \u00e9tape par \u00e9tape la technique n\u00e9cessaire au cross-country. Les 2 heures sont pass\u00e9es tr\u00e8s vite et nous nous sommes tous les deux bien entendus et avons pu skier en toute confiance. Richard est tr\u00e8s patient et un professeur tr\u00e8s comp\u00e9tent. Je recommanderais fortement \u00e0 tous ceux qui souhaitent essayer le cross-country ou am\u00e9liorer leur propre technique de r\u00e9server une le\u00e7on avec lui. Si je pouvais te donner plus d&#8217;\u00e9toiles, je le ferais (Avis d&#8217;origine) My friend and I had a 2 hour introduction to cross country skiing lesson with Richard. Richard was amazing. Firstly he came to meet us. He drove us to the ski shop where we could rent the ski&#8217;s we needed and gave us advice on the equipment. After that he drove us again to the mountain where we could start the lesson. His instructions we so clear and he taught us step by step on the technique needed for cross country. The 2 hours went by so quickly and we both had a good understanding and were able to ski with confidence. Richard is very patient and a very skilled teacher. I would highly recommend anyone who want to try cross country or improve your own technique to book a lesson with him. If I could give you more stars I would<\/p>\n","protected":false},"excerpt":{"rendered":"<div class=\"entry-summary\">\nTESTIMONIAL &#8220;Thank you so much Richard for guiding us on a wonderful trip. You took great care of us on the trail and off. I walked and climbed places I could never have done alone&#8221;. Merci Peggy and Steve, Michigan&hellip;\n<\/div>\n<div class=\"link-more\"><a href=\"https:\/\/chamonix-cross-country-skiing.com\/en\/temoignage\/\" class=\"more-link\">Continue reading<span class=\"screen-reader-text\"> &ldquo;Testimonial&rdquo;<\/span>&hellip;<\/a><\/div>\n","protected":false},"author":1,"featured_media":0,"parent":0,"menu_order":0,"comment_status":"closed","ping_status":"closed","template":"","meta":{"_exactmetrics_skip_tracking":false,"_exactmetrics_sitenote_active":false,"_exactmetrics_sitenote_note":"","_exactmetrics_sitenote_category":0,"footnotes":""},"class_list":["post-1959","page","type-page","status-publish","hentry","entry"],"translation":{"provider":"WPGlobus","version":"3.0.2","language":"en","enabled_languages":["fr","en"],"languages":{"fr":{"title":true,"content":true,"excerpt":false},"en":{"title":true,"content":true,"excerpt":false}}},"yoast_head":"<!-- This site is optimized with the Yoast SEO plugin v27.3 - https:\/\/yoast.com\/product\/yoast-seo-wordpress\/ -->\n<title>Testimonial - CHAMONIX CROSS COUNTRY SKIING<\/title>\n<meta name=\"description\" content=\"CHAMONIX CROSS COUNTRY SKIING Our Nordic skiing teacher was great! He took care of my husband and I and tought us the right skills. We liked it\" \/>\n<meta name=\"robots\" content=\"index, follow, max-snippet:-1, max-image-preview:large, max-video-preview:-1\" \/>\n<link rel=\"canonical\" href=\"https:\/\/chamonix-cross-country-skiing.com\/temoignage\/\" \/>\n<meta property=\"og:locale\" content=\"en_US\" \/>\n<meta property=\"og:type\" content=\"article\" \/>\n<meta property=\"og:title\" content=\"Testimonial - CHAMONIX CROSS COUNTRY SKIING\" \/>\n<meta property=\"og:description\" content=\"CHAMONIX CROSS COUNTRY SKIING Our Nordic skiing teacher was great! He took care of my husband and I and tought us the right skills. We liked it\" \/>\n<meta property=\"og:url\" content=\"https:\/\/chamonix-cross-country-skiing.com\/temoignage\/\" \/>\n<meta property=\"og:site_name\" content=\"CHAMONIX CROSS COUNTRY SKIING\" \/>\n<meta property=\"article:publisher\" content=\"https:\/\/www.facebook.com\/skiinginstructor\/\" \/>\n<meta property=\"article:modified_time\" content=\"2024-11-28T10:15:28+00:00\" \/>\n<meta property=\"og:image\" content=\"https:\/\/www.gstatic.com\/bfe\/images\/icons\/default_merchant_avatar.svg\" \/>\n<meta name=\"twitter:card\" content=\"summary_large_image\" \/>\n<meta name=\"twitter:label1\" content=\"Est. reading time\" \/>\n\t<meta name=\"twitter:data1\" content=\"4 minutes\" \/>\n<script type=\"application\/ld+json\" class=\"yoast-schema-graph\">{\"@context\":\"https:\\\/\\\/schema.org\",\"@graph\":[{\"@type\":\"WebPage\",\"@id\":\"https:\\\/\\\/chamonix-cross-country-skiing.com\\\/temoignage\\\/\",\"url\":\"https:\\\/\\\/chamonix-cross-country-skiing.com\\\/temoignage\\\/\",\"name\":\"Testimonial - CHAMONIX CROSS COUNTRY SKIING\",\"isPartOf\":{\"@id\":\"https:\\\/\\\/chamonix-cross-country-skiing.com\\\/#website\"},\"primaryImageOfPage\":{\"@id\":\"https:\\\/\\\/chamonix-cross-country-skiing.com\\\/temoignage\\\/#primaryimage\"},\"image\":{\"@id\":\"https:\\\/\\\/chamonix-cross-country-skiing.com\\\/temoignage\\\/#primaryimage\"},\"thumbnailUrl\":\"https:\\\/\\\/www.gstatic.com\\\/bfe\\\/images\\\/icons\\\/default_merchant_avatar.svg\",\"datePublished\":\"2018-10-19T17:05:36+00:00\",\"dateModified\":\"2024-11-28T10:15:28+00:00\",\"description\":\"CHAMONIX CROSS COUNTRY SKIING Our Nordic skiing teacher was great! He took care of my husband and I and tought us the right skills. We liked it\",\"breadcrumb\":{\"@id\":\"https:\\\/\\\/chamonix-cross-country-skiing.com\\\/temoignage\\\/#breadcrumb\"},\"inLanguage\":\"en-EN\",\"potentialAction\":[{\"@type\":\"ReadAction\",\"target\":[\"https:\\\/\\\/chamonix-cross-country-skiing.com\\\/temoignage\\\/\"]}]},{\"@type\":\"ImageObject\",\"inLanguage\":\"en-EN\",\"@id\":\"https:\\\/\\\/chamonix-cross-country-skiing.com\\\/temoignage\\\/#primaryimage\",\"url\":\"https:\\\/\\\/www.gstatic.com\\\/bfe\\\/images\\\/icons\\\/default_merchant_avatar.svg\",\"contentUrl\":\"https:\\\/\\\/www.gstatic.com\\\/bfe\\\/images\\\/icons\\\/default_merchant_avatar.svg\"},{\"@type\":\"BreadcrumbList\",\"@id\":\"https:\\\/\\\/chamonix-cross-country-skiing.com\\\/temoignage\\\/#breadcrumb\",\"itemListElement\":[{\"@type\":\"ListItem\",\"position\":1,\"name\":\"Accueil\",\"item\":\"https:\\\/\\\/chamonix-cross-country-skiing.com\\\/\"},{\"@type\":\"ListItem\",\"position\":2,\"name\":\"Temoignage\"}]},{\"@type\":\"WebSite\",\"@id\":\"https:\\\/\\\/chamonix-cross-country-skiing.com\\\/#website\",\"url\":\"https:\\\/\\\/chamonix-cross-country-skiing.com\\\/\",\"name\":\"{:fr}CHAMONIX CROSS COUNTRY SKIING{:}{:en}CHAMONIX CROSS COUNTRY SKIING{:}\",\"description\":\"Nordic Activities\",\"publisher\":{\"@id\":\"https:\\\/\\\/chamonix-cross-country-skiing.com\\\/#organization\"},\"potentialAction\":[{\"@type\":\"SearchAction\",\"target\":{\"@type\":\"EntryPoint\",\"urlTemplate\":\"https:\\\/\\\/chamonix-cross-country-skiing.com\\\/?s={search_term_string}\"},\"query-input\":{\"@type\":\"PropertyValueSpecification\",\"valueRequired\":true,\"valueName\":\"search_term_string\"}}],\"inLanguage\":\"en-EN\"},{\"@type\":\"Organization\",\"@id\":\"https:\\\/\\\/chamonix-cross-country-skiing.com\\\/#organization\",\"name\":\"chamonix cross country skiing\",\"url\":\"https:\\\/\\\/chamonix-cross-country-skiing.com\\\/\",\"logo\":{\"@type\":\"ImageObject\",\"inLanguage\":\"en-EN\",\"@id\":\"https:\\\/\\\/chamonix-cross-country-skiing.com\\\/#\\\/schema\\\/logo\\\/image\\\/\",\"url\":\"https:\\\/\\\/chamonix-cross-country-skiing.com\\\/wp-content\\\/uploads\\\/2015\\\/12\\\/cropped-cropped-Copie-de-Logo-CCCS-couleurs-160X142-2.png\",\"contentUrl\":\"https:\\\/\\\/chamonix-cross-country-skiing.com\\\/wp-content\\\/uploads\\\/2015\\\/12\\\/cropped-cropped-Copie-de-Logo-CCCS-couleurs-160X142-2.png\",\"width\":142,\"height\":142,\"caption\":\"chamonix cross country skiing\"},\"image\":{\"@id\":\"https:\\\/\\\/chamonix-cross-country-skiing.com\\\/#\\\/schema\\\/logo\\\/image\\\/\"},\"sameAs\":[\"https:\\\/\\\/www.facebook.com\\\/skiinginstructor\\\/\",\"https:\\\/\\\/www.instagram.com\\\/richyetel\\\/\",\"https:\\\/\\\/www.youtube.com\\\/channel\\\/UCIMD-mUYgvLOZRV8-KjJ_IA\"]}]}<\/script>\n<!-- \/ Yoast SEO plugin. -->","yoast_head_json":{"title":"Testimonial - CHAMONIX CROSS COUNTRY SKIING","description":"CHAMONIX CROSS COUNTRY SKIING Our Nordic skiing teacher was great! He took care of my husband and I and tought us the right skills. We liked it","robots":{"index":"index","follow":"follow","max-snippet":"max-snippet:-1","max-image-preview":"max-image-preview:large","max-video-preview":"max-video-preview:-1"},"canonical":"https:\/\/chamonix-cross-country-skiing.com\/temoignage\/","og_locale":"en_US","og_type":"article","og_title":"Testimonial - CHAMONIX CROSS COUNTRY SKIING","og_description":"CHAMONIX CROSS COUNTRY SKIING Our Nordic skiing teacher was great! He took care of my husband and I and tought us the right skills. We liked it","og_url":"https:\/\/chamonix-cross-country-skiing.com\/temoignage\/","og_site_name":"CHAMONIX CROSS COUNTRY SKIING","article_publisher":"https:\/\/www.facebook.com\/skiinginstructor\/","article_modified_time":"2024-11-28T10:15:28+00:00","og_image":[{"url":"https:\/\/www.gstatic.com\/bfe\/images\/icons\/default_merchant_avatar.svg","type":"","width":"","height":""}],"twitter_card":"summary_large_image","twitter_misc":{"Est. reading time":"4 minutes"},"schema":{"@context":"https:\/\/schema.org","@graph":[{"@type":"WebPage","@id":"https:\/\/chamonix-cross-country-skiing.com\/temoignage\/","url":"https:\/\/chamonix-cross-country-skiing.com\/temoignage\/","name":"Testimonial - CHAMONIX CROSS COUNTRY SKIING","isPartOf":{"@id":"https:\/\/chamonix-cross-country-skiing.com\/#website"},"primaryImageOfPage":{"@id":"https:\/\/chamonix-cross-country-skiing.com\/temoignage\/#primaryimage"},"image":{"@id":"https:\/\/chamonix-cross-country-skiing.com\/temoignage\/#primaryimage"},"thumbnailUrl":"https:\/\/www.gstatic.com\/bfe\/images\/icons\/default_merchant_avatar.svg","datePublished":"2018-10-19T17:05:36+00:00","dateModified":"2024-11-28T10:15:28+00:00","description":"CHAMONIX CROSS COUNTRY SKIING Our Nordic skiing teacher was great! He took care of my husband and I and tought us the right skills. We liked it","breadcrumb":{"@id":"https:\/\/chamonix-cross-country-skiing.com\/temoignage\/#breadcrumb"},"inLanguage":"en-EN","potentialAction":[{"@type":"ReadAction","target":["https:\/\/chamonix-cross-country-skiing.com\/temoignage\/"]}]},{"@type":"ImageObject","inLanguage":"en-EN","@id":"https:\/\/chamonix-cross-country-skiing.com\/temoignage\/#primaryimage","url":"https:\/\/www.gstatic.com\/bfe\/images\/icons\/default_merchant_avatar.svg","contentUrl":"https:\/\/www.gstatic.com\/bfe\/images\/icons\/default_merchant_avatar.svg"},{"@type":"BreadcrumbList","@id":"https:\/\/chamonix-cross-country-skiing.com\/temoignage\/#breadcrumb","itemListElement":[{"@type":"ListItem","position":1,"name":"Accueil","item":"https:\/\/chamonix-cross-country-skiing.com\/"},{"@type":"ListItem","position":2,"name":"Temoignage"}]},{"@type":"WebSite","@id":"https:\/\/chamonix-cross-country-skiing.com\/#website","url":"https:\/\/chamonix-cross-country-skiing.com\/","name":"{:fr}CHAMONIX CROSS COUNTRY SKIING{:}{:en}CHAMONIX CROSS COUNTRY SKIING{:}","description":"Nordic Activities","publisher":{"@id":"https:\/\/chamonix-cross-country-skiing.com\/#organization"},"potentialAction":[{"@type":"SearchAction","target":{"@type":"EntryPoint","urlTemplate":"https:\/\/chamonix-cross-country-skiing.com\/?s={search_term_string}"},"query-input":{"@type":"PropertyValueSpecification","valueRequired":true,"valueName":"search_term_string"}}],"inLanguage":"en-EN"},{"@type":"Organization","@id":"https:\/\/chamonix-cross-country-skiing.com\/#organization","name":"chamonix cross country skiing","url":"https:\/\/chamonix-cross-country-skiing.com\/","logo":{"@type":"ImageObject","inLanguage":"en-EN","@id":"https:\/\/chamonix-cross-country-skiing.com\/#\/schema\/logo\/image\/","url":"https:\/\/chamonix-cross-country-skiing.com\/wp-content\/uploads\/2015\/12\/cropped-cropped-Copie-de-Logo-CCCS-couleurs-160X142-2.png","contentUrl":"https:\/\/chamonix-cross-country-skiing.com\/wp-content\/uploads\/2015\/12\/cropped-cropped-Copie-de-Logo-CCCS-couleurs-160X142-2.png","width":142,"height":142,"caption":"chamonix cross country skiing"},"image":{"@id":"https:\/\/chamonix-cross-country-skiing.com\/#\/schema\/logo\/image\/"},"sameAs":["https:\/\/www.facebook.com\/skiinginstructor\/","https:\/\/www.instagram.com\/richyetel\/","https:\/\/www.youtube.com\/channel\/UCIMD-mUYgvLOZRV8-KjJ_IA"]}]}},"_links":{"self":[{"href":"https:\/\/chamonix-cross-country-skiing.com\/en\/wp-json\/wp\/v2\/pages\/1959","targetHints":{"allow":["GET"]}}],"collection":[{"href":"https:\/\/chamonix-cross-country-skiing.com\/en\/wp-json\/wp\/v2\/pages"}],"about":[{"href":"https:\/\/chamonix-cross-country-skiing.com\/en\/wp-json\/wp\/v2\/types\/page"}],"author":[{"embeddable":true,"href":"https:\/\/chamonix-cross-country-skiing.com\/en\/wp-json\/wp\/v2\/users\/1"}],"replies":[{"embeddable":true,"href":"https:\/\/chamonix-cross-country-skiing.com\/en\/wp-json\/wp\/v2\/comments?post=1959"}],"version-history":[{"count":2,"href":"https:\/\/chamonix-cross-country-skiing.com\/en\/wp-json\/wp\/v2\/pages\/1959\/revisions"}],"predecessor-version":[{"id":2886,"href":"https:\/\/chamonix-cross-country-skiing.com\/en\/wp-json\/wp\/v2\/pages\/1959\/revisions\/2886"}],"wp:attachment":[{"href":"https:\/\/chamonix-cross-country-skiing.com\/en\/wp-json\/wp\/v2\/media?parent=1959"}],"curies":[{"name":"wp","href":"https:\/\/api.w.org\/{rel}","templated":true}]}}