{"id":355,"date":"2015-11-17T16:29:44","date_gmt":"2015-11-17T15:29:44","guid":{"rendered":"http:\/\/chamonix-cross-country-skiing.com\/?page_id=355"},"modified":"2021-11-04T20:44:49","modified_gmt":"2021-11-04T19:44:49","slug":"liens-utiles","status":"publish","type":"page","link":"https:\/\/chamonix-cross-country-skiing.com\/en\/liens-utiles\/","title":{"rendered":"Useful links"},"content":{"rendered":"<h1 style=\"text-align: center;\">Useful links and partner of Chamonix Cross Country Skiing<\/h1>\n<p><a href=\"http:\/\/pierre-raphoz.blogspot.fr\/\" target=\"_blank\" rel=\"noopener\"><img loading=\"lazy\" decoding=\"async\" class=\"aligncenter size-full wp-image-906\" src=\"http:\/\/chamonix-cross-country-skiing.com\/wp-content\/uploads\/2015\/11\/logo-Pierre-Raphoz-Photographe-de-montagne.jpg\" alt=\"Originaire de la Vall\u00e9e de Chamonix, je suis sp\u00e9cialis\u00e9 dans la photographie animali\u00e8re et paysag\u00e8re de montagne. Je fait aussi beaucoup de photographie sportive et \u00e9v\u00e9nementiel. Ma recherche principale est l\u2019esth\u00e9tisme de la lumi\u00e8re, de la composition et de l\u2019\u00e9motion.\" width=\"426\" height=\"142\" srcset=\"https:\/\/chamonix-cross-country-skiing.com\/wp-content\/uploads\/2015\/11\/logo-Pierre-Raphoz-Photographe-de-montagne.jpg 426w, https:\/\/chamonix-cross-country-skiing.com\/wp-content\/uploads\/2015\/11\/logo-Pierre-Raphoz-Photographe-de-montagne-300x100.jpg 300w, https:\/\/chamonix-cross-country-skiing.com\/wp-content\/uploads\/2015\/11\/logo-Pierre-Raphoz-Photographe-de-montagne-230x77.jpg 230w, https:\/\/chamonix-cross-country-skiing.com\/wp-content\/uploads\/2015\/11\/logo-Pierre-Raphoz-Photographe-de-montagne-350x117.jpg 350w\" sizes=\"auto, (max-width: 426px) 100vw, 426px\" \/><\/a><\/p>\n<p>&nbsp;<\/p>\n<p>&nbsp;<\/p>\n<h2 style=\"text-align: center;\">\u00a0<span style=\"text-decoration: underline;\">Compagnie de transport<\/span><\/h2>\n<p><strong>Deluxe Transfers<\/strong> specialise in private Geneva airport transfers to and from all destinations in the alps. We offer a wide range of new luxury vehicles from Mercedes and VW that are continually maintained and serviced to a very high standard. \u00a0We travel all over the Alps, any destination, any distance, any time.<\/p>\n<p><a href=\"http:\/\/www.deluxe-transfers.com\/?lang=fr\" target=\"_blank\" rel=\"attachment wp-att-1114 noopener\"><img loading=\"lazy\" decoding=\"async\" class=\"aligncenter wp-image-1114 size-full\" src=\"http:\/\/chamonix-cross-country-skiing.com\/wp-content\/uploads\/2015\/11\/Deluxe-transfers-logo.jpg\" alt=\"Deluxe transfers logo\" width=\"300\" height=\"250\" srcset=\"https:\/\/chamonix-cross-country-skiing.com\/wp-content\/uploads\/2015\/11\/Deluxe-transfers-logo.jpg 300w, https:\/\/chamonix-cross-country-skiing.com\/wp-content\/uploads\/2015\/11\/Deluxe-transfers-logo-230x192.jpg 230w\" sizes=\"auto, (max-width: 300px) 100vw, 300px\" \/><\/a><\/p>\n<p>&nbsp;<\/p>\n<div><\/div>\n<h3 style=\"text-align: center;\"><\/h3>\n<h3 style=\"text-align: center;\">\u00a0Book Chamonix hotels online<\/h3>\n<p><img loading=\"lazy\" decoding=\"async\" class=\"aligncenter size-thumbnail wp-image-1745\" src=\"http:\/\/chamonix-cross-country-skiing.com\/wp-content\/uploads\/2015\/11\/t\u00e9l\u00e9chargement-2-150x150.png\" alt=\"h\u00f4tels-a-chamonix\" width=\"150\" height=\"150\" \/><\/p>\n<div><a href=\"https:\/\/hotelachamonix.fr\/\" target=\"_blank\" rel=\"noopener\">https:\/\/hotelachamonix.fr\/<\/a><\/div>\n","protected":false},"excerpt":{"rendered":"<div class=\"entry-summary\">\nUseful links and partner of Chamonix Cross Country Skiing &nbsp; &nbsp; \u00a0Compagnie de transport Deluxe Transfers specialise in private Geneva airport transfers to and from all destinations in the alps. We offer a wide range of new luxury vehicles from&hellip;\n<\/div>\n<div class=\"link-more\"><a href=\"https:\/\/chamonix-cross-country-skiing.com\/en\/liens-utiles\/\" class=\"more-link\">Continue reading<span class=\"screen-reader-text\"> &ldquo;Useful links&rdquo;<\/span>&hellip;<\/a><\/div>\n","protected":false},"author":1,"featured_media":0,"parent":0,"menu_order":0,"comment_status":"closed","ping_status":"closed","template":"","meta":{"_exactmetrics_skip_tracking":false,"_exactmetrics_sitenote_active":false,"_exactmetrics_sitenote_note":"","_exactmetrics_sitenote_category":0,"footnotes":""},"class_list":["post-355","page","type-page","status-publish","hentry","entry"],"translation":{"provider":"WPGlobus","version":"3.0.2","language":"en","enabled_languages":["fr","en"],"languages":{"fr":{"title":true,"content":true,"excerpt":false},"en":{"title":true,"content":true,"excerpt":false}}},"yoast_head":"<!-- This site is optimized with the Yoast SEO plugin v27.4 - https:\/\/yoast.com\/product\/yoast-seo-wordpress\/ -->\n<title>Liens utiles-nos partenaires-Chamonix-cross-country-skiing<\/title>\n<meta name=\"robots\" content=\"index, follow, max-snippet:-1, max-image-preview:large, max-video-preview:-1\" \/>\n<link rel=\"canonical\" href=\"https:\/\/chamonix-cross-country-skiing.com\/liens-utiles\/\" \/>\n<meta property=\"og:locale\" content=\"en_US\" \/>\n<meta property=\"og:type\" content=\"article\" \/>\n<meta property=\"og:title\" content=\"Useful links - CHAMONIX CROSS COUNTRY SKIING\" \/>\n<meta property=\"og:url\" content=\"https:\/\/chamonix-cross-country-skiing.com\/liens-utiles\/\" \/>\n<meta property=\"og:site_name\" content=\"CHAMONIX CROSS COUNTRY SKIING\" \/>\n<meta property=\"article:publisher\" content=\"https:\/\/www.facebook.com\/skiinginstructor\/\" \/>\n<meta property=\"article:modified_time\" content=\"2021-11-04T19:44:49+00:00\" \/>\n<meta property=\"og:image\" content=\"http:\/\/chamonix-cross-country-skiing.com\/wp-content\/uploads\/2015\/11\/logo-Pierre-Raphoz-Photographe-de-montagne.jpg\" \/>\n<meta name=\"twitter:card\" content=\"summary_large_image\" \/>\n<meta name=\"twitter:label1\" content=\"Est. reading time\" \/>\n\t<meta name=\"twitter:data1\" content=\"1 minute\" \/>\n<script type=\"application\/ld+json\" class=\"yoast-schema-graph\">{\"@context\":\"https:\\\/\\\/schema.org\",\"@graph\":[{\"@type\":\"WebPage\",\"@id\":\"https:\\\/\\\/chamonix-cross-country-skiing.com\\\/liens-utiles\\\/\",\"url\":\"https:\\\/\\\/chamonix-cross-country-skiing.com\\\/liens-utiles\\\/\",\"name\":\"Liens utiles-nos partenaires-Chamonix-cross-country-skiing\",\"isPartOf\":{\"@id\":\"https:\\\/\\\/chamonix-cross-country-skiing.com\\\/#website\"},\"primaryImageOfPage\":{\"@id\":\"https:\\\/\\\/chamonix-cross-country-skiing.com\\\/liens-utiles\\\/#primaryimage\"},\"image\":{\"@id\":\"https:\\\/\\\/chamonix-cross-country-skiing.com\\\/liens-utiles\\\/#primaryimage\"},\"thumbnailUrl\":\"http:\\\/\\\/chamonix-cross-country-skiing.com\\\/wp-content\\\/uploads\\\/2015\\\/11\\\/logo-Pierre-Raphoz-Photographe-de-montagne.jpg\",\"datePublished\":\"2015-11-17T15:29:44+00:00\",\"dateModified\":\"2021-11-04T19:44:49+00:00\",\"description\":\"Nos liens utiles pour un s\u00e9jours \u00e0 Chamonix. Trouvez nos partenaires ici.\",\"breadcrumb\":{\"@id\":\"https:\\\/\\\/chamonix-cross-country-skiing.com\\\/liens-utiles\\\/#breadcrumb\"},\"inLanguage\":\"en-EN\",\"potentialAction\":[{\"@type\":\"ReadAction\",\"target\":[\"https:\\\/\\\/chamonix-cross-country-skiing.com\\\/liens-utiles\\\/\"]}]},{\"@type\":\"ImageObject\",\"inLanguage\":\"en-EN\",\"@id\":\"https:\\\/\\\/chamonix-cross-country-skiing.com\\\/liens-utiles\\\/#primaryimage\",\"url\":\"http:\\\/\\\/chamonix-cross-country-skiing.com\\\/wp-content\\\/uploads\\\/2015\\\/11\\\/logo-Pierre-Raphoz-Photographe-de-montagne.jpg\",\"contentUrl\":\"http:\\\/\\\/chamonix-cross-country-skiing.com\\\/wp-content\\\/uploads\\\/2015\\\/11\\\/logo-Pierre-Raphoz-Photographe-de-montagne.jpg\"},{\"@type\":\"BreadcrumbList\",\"@id\":\"https:\\\/\\\/chamonix-cross-country-skiing.com\\\/liens-utiles\\\/#breadcrumb\",\"itemListElement\":[{\"@type\":\"ListItem\",\"position\":1,\"name\":\"Accueil\",\"item\":\"https:\\\/\\\/chamonix-cross-country-skiing.com\\\/\"},{\"@type\":\"ListItem\",\"position\":2,\"name\":\"Liens utiles\"}]},{\"@type\":\"WebSite\",\"@id\":\"https:\\\/\\\/chamonix-cross-country-skiing.com\\\/#website\",\"url\":\"https:\\\/\\\/chamonix-cross-country-skiing.com\\\/\",\"name\":\"{:fr}CHAMONIX CROSS COUNTRY SKIING{:}{:en}CHAMONIX CROSS COUNTRY SKIING{:}\",\"description\":\"Nordic Activities\",\"publisher\":{\"@id\":\"https:\\\/\\\/chamonix-cross-country-skiing.com\\\/#organization\"},\"potentialAction\":[{\"@type\":\"SearchAction\",\"target\":{\"@type\":\"EntryPoint\",\"urlTemplate\":\"https:\\\/\\\/chamonix-cross-country-skiing.com\\\/?s={search_term_string}\"},\"query-input\":{\"@type\":\"PropertyValueSpecification\",\"valueRequired\":true,\"valueName\":\"search_term_string\"}}],\"inLanguage\":\"en-EN\"},{\"@type\":\"Organization\",\"@id\":\"https:\\\/\\\/chamonix-cross-country-skiing.com\\\/#organization\",\"name\":\"chamonix cross country skiing\",\"url\":\"https:\\\/\\\/chamonix-cross-country-skiing.com\\\/\",\"logo\":{\"@type\":\"ImageObject\",\"inLanguage\":\"en-EN\",\"@id\":\"https:\\\/\\\/chamonix-cross-country-skiing.com\\\/#\\\/schema\\\/logo\\\/image\\\/\",\"url\":\"https:\\\/\\\/chamonix-cross-country-skiing.com\\\/wp-content\\\/uploads\\\/2015\\\/12\\\/cropped-cropped-Copie-de-Logo-CCCS-couleurs-160X142-2.png\",\"contentUrl\":\"https:\\\/\\\/chamonix-cross-country-skiing.com\\\/wp-content\\\/uploads\\\/2015\\\/12\\\/cropped-cropped-Copie-de-Logo-CCCS-couleurs-160X142-2.png\",\"width\":142,\"height\":142,\"caption\":\"chamonix cross country skiing\"},\"image\":{\"@id\":\"https:\\\/\\\/chamonix-cross-country-skiing.com\\\/#\\\/schema\\\/logo\\\/image\\\/\"},\"sameAs\":[\"https:\\\/\\\/www.facebook.com\\\/skiinginstructor\\\/\",\"https:\\\/\\\/www.instagram.com\\\/richyetel\\\/\",\"https:\\\/\\\/www.youtube.com\\\/channel\\\/UCIMD-mUYgvLOZRV8-KjJ_IA\"]}]}<\/script>\n<!-- \/ Yoast SEO plugin. -->","yoast_head_json":{"title":"Liens utiles-nos partenaires-Chamonix-cross-country-skiing","robots":{"index":"index","follow":"follow","max-snippet":"max-snippet:-1","max-image-preview":"max-image-preview:large","max-video-preview":"max-video-preview:-1"},"canonical":"https:\/\/chamonix-cross-country-skiing.com\/liens-utiles\/","og_locale":"en_US","og_type":"article","og_title":"Useful links - CHAMONIX CROSS COUNTRY SKIING","og_url":"https:\/\/chamonix-cross-country-skiing.com\/liens-utiles\/","og_site_name":"CHAMONIX CROSS COUNTRY SKIING","article_publisher":"https:\/\/www.facebook.com\/skiinginstructor\/","article_modified_time":"2021-11-04T19:44:49+00:00","og_image":[{"url":"http:\/\/chamonix-cross-country-skiing.com\/wp-content\/uploads\/2015\/11\/logo-Pierre-Raphoz-Photographe-de-montagne.jpg","type":"","width":"","height":""}],"twitter_card":"summary_large_image","twitter_misc":{"Est. reading time":"1 minute"},"schema":{"@context":"https:\/\/schema.org","@graph":[{"@type":"WebPage","@id":"https:\/\/chamonix-cross-country-skiing.com\/liens-utiles\/","url":"https:\/\/chamonix-cross-country-skiing.com\/liens-utiles\/","name":"Liens utiles-nos partenaires-Chamonix-cross-country-skiing","isPartOf":{"@id":"https:\/\/chamonix-cross-country-skiing.com\/#website"},"primaryImageOfPage":{"@id":"https:\/\/chamonix-cross-country-skiing.com\/liens-utiles\/#primaryimage"},"image":{"@id":"https:\/\/chamonix-cross-country-skiing.com\/liens-utiles\/#primaryimage"},"thumbnailUrl":"http:\/\/chamonix-cross-country-skiing.com\/wp-content\/uploads\/2015\/11\/logo-Pierre-Raphoz-Photographe-de-montagne.jpg","datePublished":"2015-11-17T15:29:44+00:00","dateModified":"2021-11-04T19:44:49+00:00","description":"Nos liens utiles pour un s\u00e9jours \u00e0 Chamonix. Trouvez nos partenaires ici.","breadcrumb":{"@id":"https:\/\/chamonix-cross-country-skiing.com\/liens-utiles\/#breadcrumb"},"inLanguage":"en-EN","potentialAction":[{"@type":"ReadAction","target":["https:\/\/chamonix-cross-country-skiing.com\/liens-utiles\/"]}]},{"@type":"ImageObject","inLanguage":"en-EN","@id":"https:\/\/chamonix-cross-country-skiing.com\/liens-utiles\/#primaryimage","url":"http:\/\/chamonix-cross-country-skiing.com\/wp-content\/uploads\/2015\/11\/logo-Pierre-Raphoz-Photographe-de-montagne.jpg","contentUrl":"http:\/\/chamonix-cross-country-skiing.com\/wp-content\/uploads\/2015\/11\/logo-Pierre-Raphoz-Photographe-de-montagne.jpg"},{"@type":"BreadcrumbList","@id":"https:\/\/chamonix-cross-country-skiing.com\/liens-utiles\/#breadcrumb","itemListElement":[{"@type":"ListItem","position":1,"name":"Accueil","item":"https:\/\/chamonix-cross-country-skiing.com\/"},{"@type":"ListItem","position":2,"name":"Liens utiles"}]},{"@type":"WebSite","@id":"https:\/\/chamonix-cross-country-skiing.com\/#website","url":"https:\/\/chamonix-cross-country-skiing.com\/","name":"{:fr}CHAMONIX CROSS COUNTRY SKIING{:}{:en}CHAMONIX CROSS COUNTRY SKIING{:}","description":"Nordic Activities","publisher":{"@id":"https:\/\/chamonix-cross-country-skiing.com\/#organization"},"potentialAction":[{"@type":"SearchAction","target":{"@type":"EntryPoint","urlTemplate":"https:\/\/chamonix-cross-country-skiing.com\/?s={search_term_string}"},"query-input":{"@type":"PropertyValueSpecification","valueRequired":true,"valueName":"search_term_string"}}],"inLanguage":"en-EN"},{"@type":"Organization","@id":"https:\/\/chamonix-cross-country-skiing.com\/#organization","name":"chamonix cross country skiing","url":"https:\/\/chamonix-cross-country-skiing.com\/","logo":{"@type":"ImageObject","inLanguage":"en-EN","@id":"https:\/\/chamonix-cross-country-skiing.com\/#\/schema\/logo\/image\/","url":"https:\/\/chamonix-cross-country-skiing.com\/wp-content\/uploads\/2015\/12\/cropped-cropped-Copie-de-Logo-CCCS-couleurs-160X142-2.png","contentUrl":"https:\/\/chamonix-cross-country-skiing.com\/wp-content\/uploads\/2015\/12\/cropped-cropped-Copie-de-Logo-CCCS-couleurs-160X142-2.png","width":142,"height":142,"caption":"chamonix cross country skiing"},"image":{"@id":"https:\/\/chamonix-cross-country-skiing.com\/#\/schema\/logo\/image\/"},"sameAs":["https:\/\/www.facebook.com\/skiinginstructor\/","https:\/\/www.instagram.com\/richyetel\/","https:\/\/www.youtube.com\/channel\/UCIMD-mUYgvLOZRV8-KjJ_IA"]}]}},"_links":{"self":[{"href":"https:\/\/chamonix-cross-country-skiing.com\/en\/wp-json\/wp\/v2\/pages\/355","targetHints":{"allow":["GET"]}}],"collection":[{"href":"https:\/\/chamonix-cross-country-skiing.com\/en\/wp-json\/wp\/v2\/pages"}],"about":[{"href":"https:\/\/chamonix-cross-country-skiing.com\/en\/wp-json\/wp\/v2\/types\/page"}],"author":[{"embeddable":true,"href":"https:\/\/chamonix-cross-country-skiing.com\/en\/wp-json\/wp\/v2\/users\/1"}],"replies":[{"embeddable":true,"href":"https:\/\/chamonix-cross-country-skiing.com\/en\/wp-json\/wp\/v2\/comments?post=355"}],"version-history":[{"count":0,"href":"https:\/\/chamonix-cross-country-skiing.com\/en\/wp-json\/wp\/v2\/pages\/355\/revisions"}],"wp:attachment":[{"href":"https:\/\/chamonix-cross-country-skiing.com\/en\/wp-json\/wp\/v2\/media?parent=355"}],"curies":[{"name":"wp","href":"https:\/\/api.w.org\/{rel}","templated":true}]}}