{"id":358,"date":"2015-11-17T16:39:50","date_gmt":"2015-11-17T15:39:50","guid":{"rendered":"http:\/\/chamonix-cross-country-skiing.com\/?page_id=358"},"modified":"2025-12-03T09:52:18","modified_gmt":"2025-12-03T08:52:18","slug":"tarifs-fee","status":"publish","type":"page","link":"https:\/\/chamonix-cross-country-skiing.com\/en\/tarifs-fee\/","title":{"rendered":"Fee"},"content":{"rendered":"<h1 style=\"text-align: center;\">Fee<\/h1>\n<form action=\"https:\/\/www.paypal.com\/cgi-bin\/webscr\" method=\"post\" target=\"_top\"><input name=\"cmd\" type=\"hidden\" value=\"_s-xclick\" \/><br \/>\n<input name=\"hosted_button_id\" type=\"hidden\" value=\"TQBPPHTSYBPUW\" \/><br \/>\n<input name=\"currency_code\" type=\"hidden\" value=\"EUR\" \/><br \/>\n<input title=\"PayPal, votre r\u00e9flexe s\u00e9curit\u00e9 pour payer en ligne.\" alt=\"Acheter\" name=\"submit\" src=\"https:\/\/www.paypalobjects.com\/fr_FR\/i\/btn\/btn_paynowCC_LG.gif\" type=\"image\" \/><\/form>\n<p>We provide the ski lessons on nordic pistes at <strong>Chamonix<\/strong> valley and<strong> Courmayeur or Megeve and Switzerland<\/strong>. For your ski equipment we recomand you to see our rental <strong>ski shop Intersport Chamonix<\/strong>, in front of the <strong>Chamonix Cross-Country Ski runs.<\/strong><\/p>\n<h1 style=\"text-align: left;\">Cross-Country instructor Skiing fee<\/h1>\n<figure id=\"attachment_1468\" aria-describedby=\"caption-attachment-1468\" style=\"width: 448px\" class=\"wp-caption aligncenter\"><a href=\"http:\/\/chamonix-cross-country-skiing.com\/tarif\/chamonix-cross-country-skiing-argentiere28\/\" rel=\"attachment wp-att-1468\"><img loading=\"lazy\" decoding=\"async\" class=\"size-full wp-image-1468\" src=\"http:\/\/chamonix-cross-country-skiing.com\/wp-content\/uploads\/2015\/11\/Chamonix-Cross-Country-Skiing-Argenti\u00e8re28.jpg\" alt=\"Chamonix-Cross-Country-Skiing-Argenti\u00e8re28\" width=\"448\" height=\"299\" srcset=\"https:\/\/chamonix-cross-country-skiing.com\/wp-content\/uploads\/2015\/11\/Chamonix-Cross-Country-Skiing-Argenti\u00e8re28.jpg 448w, https:\/\/chamonix-cross-country-skiing.com\/wp-content\/uploads\/2015\/11\/Chamonix-Cross-Country-Skiing-Argenti\u00e8re28-300x200.jpg 300w, https:\/\/chamonix-cross-country-skiing.com\/wp-content\/uploads\/2015\/11\/Chamonix-Cross-Country-Skiing-Argenti\u00e8re28-230x154.jpg 230w, https:\/\/chamonix-cross-country-skiing.com\/wp-content\/uploads\/2015\/11\/Chamonix-Cross-Country-Skiing-Argenti\u00e8re28-350x234.jpg 350w\" sizes=\"auto, (max-width: 448px) 100vw, 448px\" \/><\/a><figcaption id=\"caption-attachment-1468\" class=\"wp-caption-text\">Nordic \/ Cross country ski lesson<\/figcaption><\/figure>\n<h1>INFO:+33 0661766368<\/h1>\n<h2 style=\"text-align: center;\">Private Lesson fee for Cross Country Skiing\u00a0 1 to 2 people<\/h2>\n<table class=\"aligncenter\" style=\"height: 246px;\" border=\"0\" width=\"800\" cellspacing=\"10\" cellpadding=\"10\">\n<tbody>\n<tr>\n<th style=\"text-align: center;\" align=\"center\" width=\"200\"><span style=\"color: #000000;\">2 hours<br \/>\n<\/span><\/th>\n<th style=\"text-align: center;\" align=\"center\" width=\"200\"><span style=\"color: #000000;\">half-day<\/span><\/th>\n<th style=\"text-align: center;\" align=\"center\" width=\"200\"><span style=\"color: #000000;\">day<\/span><\/th>\n<th style=\"text-align: center;\" align=\"center\" width=\"400\"><span style=\"color: #000000;\">extra person<\/span><\/th>\n<\/tr>\n<tr>\n<td style=\"text-align: center;\" align=\"center\" bgcolor=\"#3399CC\"><strong><span style=\"color: #ffffff;\">180\u20ac<\/span><\/strong><\/td>\n<td style=\"text-align: center;\" align=\"center\" bgcolor=\"#3399CC\"><strong><span style=\"color: #ffffff;\">250\u20ac<\/span><\/strong><\/td>\n<td style=\"text-align: center;\" align=\"center\" bgcolor=\"#3399CC\"><strong><span style=\"color: #ffffff;\">450\u20ac<\/span><\/strong><\/td>\n<td style=\"text-align: center;\" align=\"center\" bgcolor=\"#3399CC\"><strong><span style=\"color: #ffffff;\">40\u20ac<\/span><\/strong><\/td>\n<\/tr>\n<tr>\n<td style=\"text-align: center;\" align=\"center\" bgcolor=\"#00CC33\"><strong><span style=\"color: #ffffff;\">morning- afternoon<br \/>\n<\/span><\/strong><\/td>\n<td style=\"text-align: center;\" align=\"center\" bgcolor=\"#00CC33\"><strong><span style=\"color: #ffffff;\">9am &#8211; midday<br \/>\n1:30pm &#8211; 4:30pm<br \/>\n<\/span><\/strong><\/td>\n<td style=\"text-align: center;\" align=\"center\" bgcolor=\"#00CC33\"><strong><span style=\"color: #ffffff;\">9am &#8211; 4:30pm<br \/>\n<\/span><\/strong><\/td>\n<td style=\"text-align: center;\" align=\"center\" bgcolor=\"#00CC33\"><\/td>\n<\/tr>\n<\/tbody>\n<\/table>\n<h2 style=\"text-align: left;\">Snowshoeing guide fee<\/h2>\n<h2 style=\"text-align: center;\">Private Lessons<\/h2>\n<h2 style=\"text-align: center;\">Snowshoeing fee for 1 to 3 people<\/h2>\n<h2 style=\"text-align: center;\"><\/h2>\n<table class=\"aligncenter\" style=\"height: 246px;\" border=\"0\" width=\"800\" cellspacing=\"10\" cellpadding=\"10\">\n<tbody>\n<tr>\n<th style=\"text-align: center;\" align=\"center\" width=\"200\"><span style=\"color: #000000;\">half-day<\/span><\/th>\n<th style=\"text-align: center;\" align=\"center\" width=\"200\"><span style=\"color: #000000;\">day<\/span><\/th>\n<th style=\"text-align: center;\" align=\"center\" width=\"400\"><span style=\"color: #000000;\">extra person<\/span><\/th>\n<\/tr>\n<tr>\n<td style=\"text-align: center;\" align=\"center\" bgcolor=\"#3399CC\"><strong><span style=\"color: #ffffff;\">240\u20ac<\/span><\/strong><\/td>\n<td style=\"text-align: center;\" align=\"center\" bgcolor=\"#3399CC\"><strong><span style=\"color: #ffffff;\">350\u20ac<\/span><\/strong><\/td>\n<td style=\"text-align: center;\" align=\"center\" bgcolor=\"#3399CC\"><strong><span style=\"color: #ffffff;\">40\u20ac<\/span><\/strong><\/td>\n<\/tr>\n<tr>\n<td style=\"text-align: center;\" align=\"center\" bgcolor=\"#00CC33\"><strong><span style=\"color: #ffffff;\">9am &#8211; midday<br \/>\n1:30pm &#8211; 4:30pm<\/span><\/strong><\/td>\n<td style=\"text-align: center;\" align=\"center\" bgcolor=\"#00CC33\"><strong><span style=\"color: #ffffff;\">9am &#8211; 4:30pm<\/span><\/strong><\/td>\n<td style=\"text-align: center;\" align=\"center\" bgcolor=\"#00CC33\"><strong><span style=\"color: #ffffff;\">40\u20ac<\/span><\/strong><\/td>\n<\/tr>\n<\/tbody>\n<\/table>\n<h2>Biathlon instructor fee<\/h2>\n<h2 style=\"text-align: center;\">Biathlon fee for 1 to 3 people<\/h2>\n<table class=\"aligncenter\" style=\"height: 246px;\" border=\"0\" width=\"800\" cellspacing=\"10\" cellpadding=\"10\">\n<tbody>\n<tr>\n<th style=\"text-align: center;\" align=\"center\" width=\"200\"><span style=\"color: #000000;\">2 HOURS<\/span><\/th>\n<th style=\"text-align: center;\" align=\"center\" width=\"200\"><\/th>\n<th style=\"text-align: center;\" align=\"center\" width=\"400\"><\/th>\n<\/tr>\n<tr>\n<td style=\"text-align: center;\" align=\"center\" bgcolor=\"#3399CC\"><strong><span style=\"color: #ffffff;\">290\u20ac<\/span><\/strong><\/td>\n<td style=\"text-align: center;\" align=\"center\" bgcolor=\"#3399CC\"><\/td>\n<td style=\"text-align: center;\" align=\"center\" bgcolor=\"#3399CC\"><\/td>\n<\/tr>\n<tr>\n<td style=\"text-align: center;\" align=\"center\" bgcolor=\"#00CC33\"><strong><span style=\"color: #ffffff;\">Midday &#8211; 2pm<br \/>\n2:30pm &#8211; 4:30pm<\/span><\/strong><\/td>\n<td style=\"text-align: center;\" align=\"center\" bgcolor=\"#00CC33\"><\/td>\n<td style=\"text-align: center;\" align=\"center\" bgcolor=\"#00CC33\"><\/td>\n<\/tr>\n<\/tbody>\n<\/table>\n<p style=\"text-align: center;\"><a href=\"mailto:info@chamonix-cross-country-skiing.com?subject=Site tarifs througt CCCS\">contact us for more details !<\/a><\/p>\n","protected":false},"excerpt":{"rendered":"<div class=\"entry-summary\">\nFee We provide the ski lessons on nordic pistes at Chamonix valley and Courmayeur or Megeve and Switzerland. For your ski equipment we recomand you to see our rental ski shop Intersport Chamonix, in front of the Chamonix Cross-Country Ski&hellip;\n<\/div>\n<div class=\"link-more\"><a href=\"https:\/\/chamonix-cross-country-skiing.com\/en\/tarifs-fee\/\" class=\"more-link\">Continue reading<span class=\"screen-reader-text\"> &ldquo;Fee&rdquo;<\/span>&hellip;<\/a><\/div>\n","protected":false},"author":1,"featured_media":0,"parent":0,"menu_order":0,"comment_status":"closed","ping_status":"closed","template":"","meta":{"_exactmetrics_skip_tracking":false,"_exactmetrics_sitenote_active":false,"_exactmetrics_sitenote_note":"","_exactmetrics_sitenote_category":0,"footnotes":""},"class_list":["post-358","page","type-page","status-publish","hentry","entry"],"translation":{"provider":"WPGlobus","version":"3.0.2","language":"en","enabled_languages":["fr","en"],"languages":{"fr":{"title":true,"content":true,"excerpt":false},"en":{"title":true,"content":true,"excerpt":false}}},"yoast_head":"<!-- This site is optimized with the Yoast SEO plugin v27.3 - https:\/\/yoast.com\/product\/yoast-seo-wordpress\/ -->\n<title>Fee - CHAMONIX CROSS COUNTRY SKIING one to one tuition<\/title>\n<meta name=\"description\" content=\"CHAMONIX CROSS COUNTRY SKIING Ask for your Cross Country Skiing ski teacher here. We provide one to one tuition X-C skiing and Snowshoeing.\" \/>\n<meta name=\"robots\" content=\"index, follow, max-snippet:-1, max-image-preview:large, max-video-preview:-1\" \/>\n<link rel=\"canonical\" href=\"https:\/\/chamonix-cross-country-skiing.com\/tarifs-fee\/\" \/>\n<meta property=\"og:locale\" content=\"en_US\" \/>\n<meta property=\"og:type\" content=\"article\" \/>\n<meta property=\"og:title\" content=\"Fee - CHAMONIX CROSS COUNTRY SKIING one to one tuition\" \/>\n<meta property=\"og:description\" content=\"CHAMONIX CROSS COUNTRY SKIING Ask for your Cross Country Skiing ski teacher here. We provide one to one tuition X-C skiing and Snowshoeing.\" \/>\n<meta property=\"og:url\" content=\"https:\/\/chamonix-cross-country-skiing.com\/tarifs-fee\/\" \/>\n<meta property=\"og:site_name\" content=\"CHAMONIX CROSS COUNTRY SKIING\" \/>\n<meta property=\"article:publisher\" content=\"https:\/\/www.facebook.com\/skiinginstructor\/\" \/>\n<meta property=\"article:modified_time\" content=\"2025-12-03T08:52:18+00:00\" \/>\n<meta property=\"og:image\" content=\"https:\/\/chamonix-cross-country-skiing.com\/wp-content\/uploads\/2015\/12\/cropped-Copie-de-Logo-CCCS-couleurs-160X142-2.png\" \/>\n\t<meta property=\"og:image:width\" content=\"160\" \/>\n\t<meta property=\"og:image:height\" content=\"142\" \/>\n\t<meta property=\"og:image:type\" content=\"image\/png\" \/>\n<meta name=\"twitter:card\" content=\"summary_large_image\" \/>\n<meta name=\"twitter:label1\" content=\"Est. reading time\" \/>\n\t<meta name=\"twitter:data1\" content=\"2 minutes\" \/>\n<script type=\"application\/ld+json\" class=\"yoast-schema-graph\">{\"@context\":\"https:\\\/\\\/schema.org\",\"@graph\":[{\"@type\":\"WebPage\",\"@id\":\"https:\\\/\\\/chamonix-cross-country-skiing.com\\\/tarifs-fee\\\/\",\"url\":\"https:\\\/\\\/chamonix-cross-country-skiing.com\\\/tarifs-fee\\\/\",\"name\":\"Tarifs moniteur Ski de Fond\\\/Sorties raquette \u00e0 neige\",\"isPartOf\":{\"@id\":\"https:\\\/\\\/chamonix-cross-country-skiing.com\\\/#website\"},\"datePublished\":\"2015-11-17T15:39:50+00:00\",\"dateModified\":\"2025-12-03T08:52:18+00:00\",\"description\":\"Tarifs cours de ski de fond avec un moniteur 170\u20ac les 2 h \\\/ 230\u20ac la demi-journ\u00e9e. Sorties raquette \u00e0 partir de 230\u20ac. Chamonix, Megeve, Courmayeur INFO:+33 0661766368\",\"breadcrumb\":{\"@id\":\"https:\\\/\\\/chamonix-cross-country-skiing.com\\\/tarifs-fee\\\/#breadcrumb\"},\"inLanguage\":\"en-EN\",\"potentialAction\":[{\"@type\":\"ReadAction\",\"target\":[\"https:\\\/\\\/chamonix-cross-country-skiing.com\\\/tarifs-fee\\\/\"]}]},{\"@type\":\"BreadcrumbList\",\"@id\":\"https:\\\/\\\/chamonix-cross-country-skiing.com\\\/tarifs-fee\\\/#breadcrumb\",\"itemListElement\":[{\"@type\":\"ListItem\",\"position\":1,\"name\":\"Accueil\",\"item\":\"https:\\\/\\\/chamonix-cross-country-skiing.com\\\/\"},{\"@type\":\"ListItem\",\"position\":2,\"name\":\"Tarifs\"}]},{\"@type\":\"WebSite\",\"@id\":\"https:\\\/\\\/chamonix-cross-country-skiing.com\\\/#website\",\"url\":\"https:\\\/\\\/chamonix-cross-country-skiing.com\\\/\",\"name\":\"{:fr}CHAMONIX CROSS COUNTRY SKIING{:}{:en}CHAMONIX CROSS COUNTRY SKIING{:}\",\"description\":\"Nordic Activities\",\"publisher\":{\"@id\":\"https:\\\/\\\/chamonix-cross-country-skiing.com\\\/#organization\"},\"potentialAction\":[{\"@type\":\"SearchAction\",\"target\":{\"@type\":\"EntryPoint\",\"urlTemplate\":\"https:\\\/\\\/chamonix-cross-country-skiing.com\\\/?s={search_term_string}\"},\"query-input\":{\"@type\":\"PropertyValueSpecification\",\"valueRequired\":true,\"valueName\":\"search_term_string\"}}],\"inLanguage\":\"en-EN\"},{\"@type\":\"Organization\",\"@id\":\"https:\\\/\\\/chamonix-cross-country-skiing.com\\\/#organization\",\"name\":\"chamonix cross country skiing\",\"url\":\"https:\\\/\\\/chamonix-cross-country-skiing.com\\\/\",\"logo\":{\"@type\":\"ImageObject\",\"inLanguage\":\"en-EN\",\"@id\":\"https:\\\/\\\/chamonix-cross-country-skiing.com\\\/#\\\/schema\\\/logo\\\/image\\\/\",\"url\":\"https:\\\/\\\/chamonix-cross-country-skiing.com\\\/wp-content\\\/uploads\\\/2015\\\/12\\\/cropped-cropped-Copie-de-Logo-CCCS-couleurs-160X142-2.png\",\"contentUrl\":\"https:\\\/\\\/chamonix-cross-country-skiing.com\\\/wp-content\\\/uploads\\\/2015\\\/12\\\/cropped-cropped-Copie-de-Logo-CCCS-couleurs-160X142-2.png\",\"width\":142,\"height\":142,\"caption\":\"chamonix cross country skiing\"},\"image\":{\"@id\":\"https:\\\/\\\/chamonix-cross-country-skiing.com\\\/#\\\/schema\\\/logo\\\/image\\\/\"},\"sameAs\":[\"https:\\\/\\\/www.facebook.com\\\/skiinginstructor\\\/\",\"https:\\\/\\\/www.instagram.com\\\/richyetel\\\/\",\"https:\\\/\\\/www.youtube.com\\\/channel\\\/UCIMD-mUYgvLOZRV8-KjJ_IA\"]}]}<\/script>\n<!-- \/ Yoast SEO plugin. -->","yoast_head_json":{"title":"Fee - CHAMONIX CROSS COUNTRY SKIING one to one tuition","description":"CHAMONIX CROSS COUNTRY SKIING Ask for your Cross Country Skiing ski teacher here. We provide one to one tuition X-C skiing and Snowshoeing.","robots":{"index":"index","follow":"follow","max-snippet":"max-snippet:-1","max-image-preview":"max-image-preview:large","max-video-preview":"max-video-preview:-1"},"canonical":"https:\/\/chamonix-cross-country-skiing.com\/tarifs-fee\/","og_locale":"en_US","og_type":"article","og_title":"Fee - CHAMONIX CROSS COUNTRY SKIING one to one tuition","og_description":"CHAMONIX CROSS COUNTRY SKIING Ask for your Cross Country Skiing ski teacher here. We provide one to one tuition X-C skiing and Snowshoeing.","og_url":"https:\/\/chamonix-cross-country-skiing.com\/tarifs-fee\/","og_site_name":"CHAMONIX CROSS COUNTRY SKIING","article_publisher":"https:\/\/www.facebook.com\/skiinginstructor\/","article_modified_time":"2025-12-03T08:52:18+00:00","og_image":[{"width":160,"height":142,"url":"https:\/\/chamonix-cross-country-skiing.com\/wp-content\/uploads\/2015\/12\/cropped-Copie-de-Logo-CCCS-couleurs-160X142-2.png","type":"image\/png"}],"twitter_card":"summary_large_image","twitter_misc":{"Est. reading time":"2 minutes"},"schema":{"@context":"https:\/\/schema.org","@graph":[{"@type":"WebPage","@id":"https:\/\/chamonix-cross-country-skiing.com\/tarifs-fee\/","url":"https:\/\/chamonix-cross-country-skiing.com\/tarifs-fee\/","name":"Tarifs moniteur Ski de Fond\/Sorties raquette \u00e0 neige","isPartOf":{"@id":"https:\/\/chamonix-cross-country-skiing.com\/#website"},"datePublished":"2015-11-17T15:39:50+00:00","dateModified":"2025-12-03T08:52:18+00:00","description":"Tarifs cours de ski de fond avec un moniteur 170\u20ac les 2 h \/ 230\u20ac la demi-journ\u00e9e. Sorties raquette \u00e0 partir de 230\u20ac. Chamonix, Megeve, Courmayeur INFO:+33 0661766368","breadcrumb":{"@id":"https:\/\/chamonix-cross-country-skiing.com\/tarifs-fee\/#breadcrumb"},"inLanguage":"en-EN","potentialAction":[{"@type":"ReadAction","target":["https:\/\/chamonix-cross-country-skiing.com\/tarifs-fee\/"]}]},{"@type":"BreadcrumbList","@id":"https:\/\/chamonix-cross-country-skiing.com\/tarifs-fee\/#breadcrumb","itemListElement":[{"@type":"ListItem","position":1,"name":"Accueil","item":"https:\/\/chamonix-cross-country-skiing.com\/"},{"@type":"ListItem","position":2,"name":"Tarifs"}]},{"@type":"WebSite","@id":"https:\/\/chamonix-cross-country-skiing.com\/#website","url":"https:\/\/chamonix-cross-country-skiing.com\/","name":"{:fr}CHAMONIX CROSS COUNTRY SKIING{:}{:en}CHAMONIX CROSS COUNTRY SKIING{:}","description":"Nordic Activities","publisher":{"@id":"https:\/\/chamonix-cross-country-skiing.com\/#organization"},"potentialAction":[{"@type":"SearchAction","target":{"@type":"EntryPoint","urlTemplate":"https:\/\/chamonix-cross-country-skiing.com\/?s={search_term_string}"},"query-input":{"@type":"PropertyValueSpecification","valueRequired":true,"valueName":"search_term_string"}}],"inLanguage":"en-EN"},{"@type":"Organization","@id":"https:\/\/chamonix-cross-country-skiing.com\/#organization","name":"chamonix cross country skiing","url":"https:\/\/chamonix-cross-country-skiing.com\/","logo":{"@type":"ImageObject","inLanguage":"en-EN","@id":"https:\/\/chamonix-cross-country-skiing.com\/#\/schema\/logo\/image\/","url":"https:\/\/chamonix-cross-country-skiing.com\/wp-content\/uploads\/2015\/12\/cropped-cropped-Copie-de-Logo-CCCS-couleurs-160X142-2.png","contentUrl":"https:\/\/chamonix-cross-country-skiing.com\/wp-content\/uploads\/2015\/12\/cropped-cropped-Copie-de-Logo-CCCS-couleurs-160X142-2.png","width":142,"height":142,"caption":"chamonix cross country skiing"},"image":{"@id":"https:\/\/chamonix-cross-country-skiing.com\/#\/schema\/logo\/image\/"},"sameAs":["https:\/\/www.facebook.com\/skiinginstructor\/","https:\/\/www.instagram.com\/richyetel\/","https:\/\/www.youtube.com\/channel\/UCIMD-mUYgvLOZRV8-KjJ_IA"]}]}},"_links":{"self":[{"href":"https:\/\/chamonix-cross-country-skiing.com\/en\/wp-json\/wp\/v2\/pages\/358","targetHints":{"allow":["GET"]}}],"collection":[{"href":"https:\/\/chamonix-cross-country-skiing.com\/en\/wp-json\/wp\/v2\/pages"}],"about":[{"href":"https:\/\/chamonix-cross-country-skiing.com\/en\/wp-json\/wp\/v2\/types\/page"}],"author":[{"embeddable":true,"href":"https:\/\/chamonix-cross-country-skiing.com\/en\/wp-json\/wp\/v2\/users\/1"}],"replies":[{"embeddable":true,"href":"https:\/\/chamonix-cross-country-skiing.com\/en\/wp-json\/wp\/v2\/comments?post=358"}],"version-history":[{"count":12,"href":"https:\/\/chamonix-cross-country-skiing.com\/en\/wp-json\/wp\/v2\/pages\/358\/revisions"}],"predecessor-version":[{"id":2948,"href":"https:\/\/chamonix-cross-country-skiing.com\/en\/wp-json\/wp\/v2\/pages\/358\/revisions\/2948"}],"wp:attachment":[{"href":"https:\/\/chamonix-cross-country-skiing.com\/en\/wp-json\/wp\/v2\/media?parent=358"}],"curies":[{"name":"wp","href":"https:\/\/api.w.org\/{rel}","templated":true}]}}