{"id":77,"date":"2015-11-06T21:51:13","date_gmt":"2015-11-06T20:51:13","guid":{"rendered":"http:\/\/chamonix-cross-country-skiing.com\/?page_id=77"},"modified":"2025-11-19T10:25:24","modified_gmt":"2025-11-19T09:25:24","slug":"la-pratique-du-biathlon","status":"publish","type":"page","link":"https:\/\/chamonix-cross-country-skiing.com\/en\/biathlon-moniteur-ski-fond-chamonix\/la-pratique-du-biathlon\/","title":{"rendered":"Biathlon practice"},"content":{"rendered":"<h1 style=\"text-align: center;\">Different shooting technics<\/h1>\n<p>The Biathlon consists in combining rifle shooting prone or standing with Cross Country Skiing.<\/p>\n<p>You must aim to hit 5 mechanical target. for each missed target you receve a penality tour on<\/p>\n<p>ski&#8230;<\/p>\n<figure id=\"attachment_2927\" aria-describedby=\"caption-attachment-2927\" style=\"width: 225px\" class=\"wp-caption aligncenter\"><img loading=\"lazy\" decoding=\"async\" class=\"size-medium wp-image-2927\" src=\"https:\/\/chamonix-cross-country-skiing.com\/wp-content\/uploads\/2025\/11\/IMG_5138-225x300.jpg\" alt=\"Cliente en tir debout en Biathlon \u00e0 Chamonix\" width=\"225\" height=\"300\" srcset=\"https:\/\/chamonix-cross-country-skiing.com\/wp-content\/uploads\/2025\/11\/IMG_5138-225x300.jpg 225w, https:\/\/chamonix-cross-country-skiing.com\/wp-content\/uploads\/2025\/11\/IMG_5138-768x1024.jpg 768w, https:\/\/chamonix-cross-country-skiing.com\/wp-content\/uploads\/2025\/11\/IMG_5138-100x133.jpg 100w, https:\/\/chamonix-cross-country-skiing.com\/wp-content\/uploads\/2025\/11\/IMG_5138-1152x1536.jpg 1152w, https:\/\/chamonix-cross-country-skiing.com\/wp-content\/uploads\/2025\/11\/IMG_5138-1536x2048.jpg 1536w, https:\/\/chamonix-cross-country-skiing.com\/wp-content\/uploads\/2025\/11\/IMG_5138-scaled.jpg 1920w\" sizes=\"auto, (max-width: 225px) 100vw, 225px\" \/><figcaption id=\"caption-attachment-2927\" class=\"wp-caption-text\">Cliente en tir debout en Biathlon \u00e0 Chamonix<\/figcaption><\/figure>\n<p><img loading=\"lazy\" decoding=\"async\" class=\"aligncenter size-medium wp-image-2930\" src=\"https:\/\/chamonix-cross-country-skiing.com\/wp-content\/uploads\/2025\/11\/932C18C4-CBB8-4017-9219-2F9C426C5198-2-240x300.jpg\" alt=\"biathlon pour groupe chamonix\" width=\"240\" height=\"300\" srcset=\"https:\/\/chamonix-cross-country-skiing.com\/wp-content\/uploads\/2025\/11\/932C18C4-CBB8-4017-9219-2F9C426C5198-2-240x300.jpg 240w, https:\/\/chamonix-cross-country-skiing.com\/wp-content\/uploads\/2025\/11\/932C18C4-CBB8-4017-9219-2F9C426C5198-2-819x1024.jpg 819w, https:\/\/chamonix-cross-country-skiing.com\/wp-content\/uploads\/2025\/11\/932C18C4-CBB8-4017-9219-2F9C426C5198-2-768x960.jpg 768w, https:\/\/chamonix-cross-country-skiing.com\/wp-content\/uploads\/2025\/11\/932C18C4-CBB8-4017-9219-2F9C426C5198-2-100x125.jpg 100w, https:\/\/chamonix-cross-country-skiing.com\/wp-content\/uploads\/2025\/11\/932C18C4-CBB8-4017-9219-2F9C426C5198-2-1229x1536.jpg 1229w, https:\/\/chamonix-cross-country-skiing.com\/wp-content\/uploads\/2025\/11\/932C18C4-CBB8-4017-9219-2F9C426C5198-2.jpg 1440w\" sizes=\"auto, (max-width: 240px) 100vw, 240px\" \/><\/p>\n<h1 style=\"text-align: center;\">\u00a0The equipment<\/h1>\n<p>We have Biathlon posts (rifles, targets and mats) with air rifles and also laser shooting for children.<\/p>\n<h2><\/h2>\n<h2><\/h2>\n<figure id=\"attachment_80\" aria-describedby=\"caption-attachment-80\" style=\"width: 448px\" class=\"wp-caption aligncenter\"><a href=\"http:\/\/chamonix-cross-country-skiing.com\/wp-content\/uploads\/2015\/11\/chamonix-cross-country-skiing-materiel.jpg\"><img loading=\"lazy\" decoding=\"async\" class=\"wp-image-80 size-full\" src=\"http:\/\/chamonix-cross-country-skiing.com\/wp-content\/uploads\/2015\/11\/chamonix-cross-country-skiing-materiel.jpg\" alt=\"Biathlon post with targets at 10 meters.\" width=\"448\" height=\"336\" srcset=\"https:\/\/chamonix-cross-country-skiing.com\/wp-content\/uploads\/2015\/11\/chamonix-cross-country-skiing-materiel.jpg 448w, https:\/\/chamonix-cross-country-skiing.com\/wp-content\/uploads\/2015\/11\/chamonix-cross-country-skiing-materiel-300x225.jpg 300w\" sizes=\"auto, (max-width: 448px) 100vw, 448px\" \/><\/a><figcaption id=\"caption-attachment-80\" class=\"wp-caption-text\"><br \/>Biathlon post with targets at 10 meters.<\/figcaption><\/figure>\n<h2 style=\"text-align: center;\">Different locations possible<\/h2>\n<p><a href=\"http:\/\/chamonix-cross-country-skiing.com\/biathlon\/biathlon-chamonix\/\">Chamonix\u00a0<\/a>\u00a0 <a href=\"http:\/\/chamonix-cross-country-skiing.com\/biathlon-aux-houches\/\">Les Houches<\/a> et <a href=\"http:\/\/chamonix-cross-country-skiing.com\/biathlon\/biathlon-a-argentiere\/\">Argenti\u00e8re<\/a> They are all situed on the Cross Country Skiing tracks.<\/p>\n<h2 style=\"text-align: center;\">Ski hire shops<\/h2>\n<p><a href=\"http:\/\/nord.intersport-chamonix.com\/\" target=\"_blank\" rel=\"noopener\">Intersport\u00a0<\/a> at Chamonix and <a href=\"http:\/\/battendier-sports.com\" target=\"_blank\" rel=\"noopener\">Battendier <\/a>Sport at les\u00a0 Houches.<\/p>\n<h2 style=\"text-align: center;\">Weather conditions<\/h2>\n<p>Biathlon can be enjoyed in all weather conditions, however don&#8217;t forget gloves to protect your hands. <a href=\"http:\/\/chamonix-meteo.com\/chamonix-mont-blanc\/meteo\/prevision\/matin\/previ_meteo_5_jours.php\" target=\"_blank\" rel=\"noopener\">Chamonix weather report<\/a><\/p>\n<p class=\"western\" style=\"text-align: center;\" align=\"LEFT\"><a href=\"mailto:info@chamonix-cross-country-skiing.com?subject=Biathlon through cccs website\">Contact us for more details!<\/a><\/p>\n","protected":false},"excerpt":{"rendered":"<div class=\"entry-summary\">\nDifferent shooting technics The Biathlon consists in combining rifle shooting prone or standing with Cross Country Skiing. You must aim to hit 5 mechanical target. for each missed target you receve a penality tour on ski&#8230; \u00a0The equipment We have&hellip;\n<\/div>\n<div class=\"link-more\"><a href=\"https:\/\/chamonix-cross-country-skiing.com\/en\/biathlon-moniteur-ski-fond-chamonix\/la-pratique-du-biathlon\/\" class=\"more-link\">Continue reading<span class=\"screen-reader-text\"> &ldquo;Biathlon practice&rdquo;<\/span>&hellip;<\/a><\/div>\n","protected":false},"author":1,"featured_media":2927,"parent":10,"menu_order":0,"comment_status":"closed","ping_status":"closed","template":"","meta":{"_exactmetrics_skip_tracking":false,"_exactmetrics_sitenote_active":false,"_exactmetrics_sitenote_note":"","_exactmetrics_sitenote_category":0,"footnotes":""},"class_list":["post-77","page","type-page","status-publish","has-post-thumbnail","hentry","entry"],"translation":{"provider":"WPGlobus","version":"3.0.2","language":"en","enabled_languages":["fr","en"],"languages":{"fr":{"title":true,"content":true,"excerpt":false},"en":{"title":true,"content":true,"excerpt":false}}},"yoast_head":"<!-- This site is optimized with the Yoast SEO plugin v27.3 - https:\/\/yoast.com\/product\/yoast-seo-wordpress\/ -->\n<title>La pratique du Biathlon avec un moniteur \u00e0 Chamonix<\/title>\n<meta name=\"robots\" content=\"index, follow, max-snippet:-1, max-image-preview:large, max-video-preview:-1\" \/>\n<link rel=\"canonical\" href=\"https:\/\/chamonix-cross-country-skiing.com\/biathlon-moniteur-ski-fond-chamonix\/la-pratique-du-biathlon\/\" \/>\n<meta property=\"og:locale\" content=\"en_US\" \/>\n<meta property=\"og:type\" content=\"article\" \/>\n<meta property=\"og:title\" content=\"Biathlon practice - CHAMONIX CROSS COUNTRY SKIING\" \/>\n<meta property=\"og:url\" content=\"https:\/\/chamonix-cross-country-skiing.com\/biathlon-moniteur-ski-fond-chamonix\/la-pratique-du-biathlon\/\" \/>\n<meta property=\"og:site_name\" content=\"CHAMONIX CROSS COUNTRY SKIING\" \/>\n<meta property=\"article:publisher\" content=\"https:\/\/www.facebook.com\/skiinginstructor\/\" \/>\n<meta property=\"article:modified_time\" content=\"2025-11-19T09:25:24+00:00\" \/>\n<meta property=\"og:image\" content=\"https:\/\/chamonix-cross-country-skiing.com\/wp-content\/uploads\/2015\/12\/cropped-Copie-de-Logo-CCCS-couleurs-160X142-2.png\" \/>\n\t<meta property=\"og:image:width\" content=\"160\" \/>\n\t<meta property=\"og:image:height\" content=\"142\" \/>\n\t<meta property=\"og:image:type\" content=\"image\/png\" \/>\n<meta name=\"twitter:card\" content=\"summary_large_image\" \/>\n<meta name=\"twitter:label1\" content=\"Est. reading time\" \/>\n\t<meta name=\"twitter:data1\" content=\"4 minutes\" \/>\n<script type=\"application\/ld+json\" class=\"yoast-schema-graph\">{\"@context\":\"https:\\\/\\\/schema.org\",\"@graph\":[{\"@type\":\"WebPage\",\"@id\":\"https:\\\/\\\/chamonix-cross-country-skiing.com\\\/biathlon-moniteur-ski-fond-chamonix\\\/la-pratique-du-biathlon\\\/\",\"url\":\"https:\\\/\\\/chamonix-cross-country-skiing.com\\\/biathlon-moniteur-ski-fond-chamonix\\\/la-pratique-du-biathlon\\\/\",\"name\":\"La pratique du Biathlon avec un moniteur \u00e0 Chamonix\",\"isPartOf\":{\"@id\":\"https:\\\/\\\/chamonix-cross-country-skiing.com\\\/#website\"},\"primaryImageOfPage\":{\"@id\":\"https:\\\/\\\/chamonix-cross-country-skiing.com\\\/biathlon-moniteur-ski-fond-chamonix\\\/la-pratique-du-biathlon\\\/#primaryimage\"},\"image\":{\"@id\":\"https:\\\/\\\/chamonix-cross-country-skiing.com\\\/biathlon-moniteur-ski-fond-chamonix\\\/la-pratique-du-biathlon\\\/#primaryimage\"},\"thumbnailUrl\":\"https:\\\/\\\/chamonix-cross-country-skiing.com\\\/wp-content\\\/uploads\\\/2025\\\/11\\\/IMG_5138-scaled.jpg\",\"datePublished\":\"2015-11-06T20:51:13+00:00\",\"dateModified\":\"2025-11-19T09:25:24+00:00\",\"description\":\"Le Biathlon consiste \u00e0 effectuer une succession de tir couch\u00e9s\\\/debout entrecoup\u00e9 de petite distance en ski de fond.Biathlon moniteur dipl\u00f4m\u00e9\",\"breadcrumb\":{\"@id\":\"https:\\\/\\\/chamonix-cross-country-skiing.com\\\/biathlon-moniteur-ski-fond-chamonix\\\/la-pratique-du-biathlon\\\/#breadcrumb\"},\"inLanguage\":\"en-EN\",\"potentialAction\":[{\"@type\":\"ReadAction\",\"target\":[\"https:\\\/\\\/chamonix-cross-country-skiing.com\\\/biathlon-moniteur-ski-fond-chamonix\\\/la-pratique-du-biathlon\\\/\"]}]},{\"@type\":\"ImageObject\",\"inLanguage\":\"en-EN\",\"@id\":\"https:\\\/\\\/chamonix-cross-country-skiing.com\\\/biathlon-moniteur-ski-fond-chamonix\\\/la-pratique-du-biathlon\\\/#primaryimage\",\"url\":\"https:\\\/\\\/chamonix-cross-country-skiing.com\\\/wp-content\\\/uploads\\\/2025\\\/11\\\/IMG_5138-scaled.jpg\",\"contentUrl\":\"https:\\\/\\\/chamonix-cross-country-skiing.com\\\/wp-content\\\/uploads\\\/2025\\\/11\\\/IMG_5138-scaled.jpg\",\"width\":1920,\"height\":2560,\"caption\":\"Cliente en tir debout en Biathlon \u00e0 Chamonix\"},{\"@type\":\"BreadcrumbList\",\"@id\":\"https:\\\/\\\/chamonix-cross-country-skiing.com\\\/biathlon-moniteur-ski-fond-chamonix\\\/la-pratique-du-biathlon\\\/#breadcrumb\",\"itemListElement\":[{\"@type\":\"ListItem\",\"position\":1,\"name\":\"Accueil\",\"item\":\"https:\\\/\\\/chamonix-cross-country-skiing.com\\\/\"},{\"@type\":\"ListItem\",\"position\":2,\"name\":\"Biathlon\",\"item\":\"https:\\\/\\\/chamonix-cross-country-skiing.com\\\/biathlon-moniteur-ski-fond-chamonix\\\/\"},{\"@type\":\"ListItem\",\"position\":3,\"name\":\"La pratique du Biathlon\"}]},{\"@type\":\"WebSite\",\"@id\":\"https:\\\/\\\/chamonix-cross-country-skiing.com\\\/#website\",\"url\":\"https:\\\/\\\/chamonix-cross-country-skiing.com\\\/\",\"name\":\"{:fr}CHAMONIX CROSS COUNTRY SKIING{:}{:en}CHAMONIX CROSS COUNTRY SKIING{:}\",\"description\":\"Nordic Activities\",\"publisher\":{\"@id\":\"https:\\\/\\\/chamonix-cross-country-skiing.com\\\/#organization\"},\"potentialAction\":[{\"@type\":\"SearchAction\",\"target\":{\"@type\":\"EntryPoint\",\"urlTemplate\":\"https:\\\/\\\/chamonix-cross-country-skiing.com\\\/?s={search_term_string}\"},\"query-input\":{\"@type\":\"PropertyValueSpecification\",\"valueRequired\":true,\"valueName\":\"search_term_string\"}}],\"inLanguage\":\"en-EN\"},{\"@type\":\"Organization\",\"@id\":\"https:\\\/\\\/chamonix-cross-country-skiing.com\\\/#organization\",\"name\":\"chamonix cross country skiing\",\"url\":\"https:\\\/\\\/chamonix-cross-country-skiing.com\\\/\",\"logo\":{\"@type\":\"ImageObject\",\"inLanguage\":\"en-EN\",\"@id\":\"https:\\\/\\\/chamonix-cross-country-skiing.com\\\/#\\\/schema\\\/logo\\\/image\\\/\",\"url\":\"https:\\\/\\\/chamonix-cross-country-skiing.com\\\/wp-content\\\/uploads\\\/2015\\\/12\\\/cropped-cropped-Copie-de-Logo-CCCS-couleurs-160X142-2.png\",\"contentUrl\":\"https:\\\/\\\/chamonix-cross-country-skiing.com\\\/wp-content\\\/uploads\\\/2015\\\/12\\\/cropped-cropped-Copie-de-Logo-CCCS-couleurs-160X142-2.png\",\"width\":142,\"height\":142,\"caption\":\"chamonix cross country skiing\"},\"image\":{\"@id\":\"https:\\\/\\\/chamonix-cross-country-skiing.com\\\/#\\\/schema\\\/logo\\\/image\\\/\"},\"sameAs\":[\"https:\\\/\\\/www.facebook.com\\\/skiinginstructor\\\/\",\"https:\\\/\\\/www.instagram.com\\\/richyetel\\\/\",\"https:\\\/\\\/www.youtube.com\\\/channel\\\/UCIMD-mUYgvLOZRV8-KjJ_IA\"]}]}<\/script>\n<!-- \/ Yoast SEO plugin. -->","yoast_head_json":{"title":"La pratique du Biathlon avec un moniteur \u00e0 Chamonix","robots":{"index":"index","follow":"follow","max-snippet":"max-snippet:-1","max-image-preview":"max-image-preview:large","max-video-preview":"max-video-preview:-1"},"canonical":"https:\/\/chamonix-cross-country-skiing.com\/biathlon-moniteur-ski-fond-chamonix\/la-pratique-du-biathlon\/","og_locale":"en_US","og_type":"article","og_title":"Biathlon practice - CHAMONIX CROSS COUNTRY SKIING","og_url":"https:\/\/chamonix-cross-country-skiing.com\/biathlon-moniteur-ski-fond-chamonix\/la-pratique-du-biathlon\/","og_site_name":"CHAMONIX CROSS COUNTRY SKIING","article_publisher":"https:\/\/www.facebook.com\/skiinginstructor\/","article_modified_time":"2025-11-19T09:25:24+00:00","og_image":[{"width":160,"height":142,"url":"https:\/\/chamonix-cross-country-skiing.com\/wp-content\/uploads\/2015\/12\/cropped-Copie-de-Logo-CCCS-couleurs-160X142-2.png","type":"image\/png"}],"twitter_card":"summary_large_image","twitter_misc":{"Est. reading time":"4 minutes"},"schema":{"@context":"https:\/\/schema.org","@graph":[{"@type":"WebPage","@id":"https:\/\/chamonix-cross-country-skiing.com\/biathlon-moniteur-ski-fond-chamonix\/la-pratique-du-biathlon\/","url":"https:\/\/chamonix-cross-country-skiing.com\/biathlon-moniteur-ski-fond-chamonix\/la-pratique-du-biathlon\/","name":"La pratique du Biathlon avec un moniteur \u00e0 Chamonix","isPartOf":{"@id":"https:\/\/chamonix-cross-country-skiing.com\/#website"},"primaryImageOfPage":{"@id":"https:\/\/chamonix-cross-country-skiing.com\/biathlon-moniteur-ski-fond-chamonix\/la-pratique-du-biathlon\/#primaryimage"},"image":{"@id":"https:\/\/chamonix-cross-country-skiing.com\/biathlon-moniteur-ski-fond-chamonix\/la-pratique-du-biathlon\/#primaryimage"},"thumbnailUrl":"https:\/\/chamonix-cross-country-skiing.com\/wp-content\/uploads\/2025\/11\/IMG_5138-scaled.jpg","datePublished":"2015-11-06T20:51:13+00:00","dateModified":"2025-11-19T09:25:24+00:00","description":"Le Biathlon consiste \u00e0 effectuer une succession de tir couch\u00e9s\/debout entrecoup\u00e9 de petite distance en ski de fond.Biathlon moniteur dipl\u00f4m\u00e9","breadcrumb":{"@id":"https:\/\/chamonix-cross-country-skiing.com\/biathlon-moniteur-ski-fond-chamonix\/la-pratique-du-biathlon\/#breadcrumb"},"inLanguage":"en-EN","potentialAction":[{"@type":"ReadAction","target":["https:\/\/chamonix-cross-country-skiing.com\/biathlon-moniteur-ski-fond-chamonix\/la-pratique-du-biathlon\/"]}]},{"@type":"ImageObject","inLanguage":"en-EN","@id":"https:\/\/chamonix-cross-country-skiing.com\/biathlon-moniteur-ski-fond-chamonix\/la-pratique-du-biathlon\/#primaryimage","url":"https:\/\/chamonix-cross-country-skiing.com\/wp-content\/uploads\/2025\/11\/IMG_5138-scaled.jpg","contentUrl":"https:\/\/chamonix-cross-country-skiing.com\/wp-content\/uploads\/2025\/11\/IMG_5138-scaled.jpg","width":1920,"height":2560,"caption":"Cliente en tir debout en Biathlon \u00e0 Chamonix"},{"@type":"BreadcrumbList","@id":"https:\/\/chamonix-cross-country-skiing.com\/biathlon-moniteur-ski-fond-chamonix\/la-pratique-du-biathlon\/#breadcrumb","itemListElement":[{"@type":"ListItem","position":1,"name":"Accueil","item":"https:\/\/chamonix-cross-country-skiing.com\/"},{"@type":"ListItem","position":2,"name":"Biathlon","item":"https:\/\/chamonix-cross-country-skiing.com\/biathlon-moniteur-ski-fond-chamonix\/"},{"@type":"ListItem","position":3,"name":"La pratique du Biathlon"}]},{"@type":"WebSite","@id":"https:\/\/chamonix-cross-country-skiing.com\/#website","url":"https:\/\/chamonix-cross-country-skiing.com\/","name":"{:fr}CHAMONIX CROSS COUNTRY SKIING{:}{:en}CHAMONIX CROSS COUNTRY SKIING{:}","description":"Nordic Activities","publisher":{"@id":"https:\/\/chamonix-cross-country-skiing.com\/#organization"},"potentialAction":[{"@type":"SearchAction","target":{"@type":"EntryPoint","urlTemplate":"https:\/\/chamonix-cross-country-skiing.com\/?s={search_term_string}"},"query-input":{"@type":"PropertyValueSpecification","valueRequired":true,"valueName":"search_term_string"}}],"inLanguage":"en-EN"},{"@type":"Organization","@id":"https:\/\/chamonix-cross-country-skiing.com\/#organization","name":"chamonix cross country skiing","url":"https:\/\/chamonix-cross-country-skiing.com\/","logo":{"@type":"ImageObject","inLanguage":"en-EN","@id":"https:\/\/chamonix-cross-country-skiing.com\/#\/schema\/logo\/image\/","url":"https:\/\/chamonix-cross-country-skiing.com\/wp-content\/uploads\/2015\/12\/cropped-cropped-Copie-de-Logo-CCCS-couleurs-160X142-2.png","contentUrl":"https:\/\/chamonix-cross-country-skiing.com\/wp-content\/uploads\/2015\/12\/cropped-cropped-Copie-de-Logo-CCCS-couleurs-160X142-2.png","width":142,"height":142,"caption":"chamonix cross country skiing"},"image":{"@id":"https:\/\/chamonix-cross-country-skiing.com\/#\/schema\/logo\/image\/"},"sameAs":["https:\/\/www.facebook.com\/skiinginstructor\/","https:\/\/www.instagram.com\/richyetel\/","https:\/\/www.youtube.com\/channel\/UCIMD-mUYgvLOZRV8-KjJ_IA"]}]}},"_links":{"self":[{"href":"https:\/\/chamonix-cross-country-skiing.com\/en\/wp-json\/wp\/v2\/pages\/77","targetHints":{"allow":["GET"]}}],"collection":[{"href":"https:\/\/chamonix-cross-country-skiing.com\/en\/wp-json\/wp\/v2\/pages"}],"about":[{"href":"https:\/\/chamonix-cross-country-skiing.com\/en\/wp-json\/wp\/v2\/types\/page"}],"author":[{"embeddable":true,"href":"https:\/\/chamonix-cross-country-skiing.com\/en\/wp-json\/wp\/v2\/users\/1"}],"replies":[{"embeddable":true,"href":"https:\/\/chamonix-cross-country-skiing.com\/en\/wp-json\/wp\/v2\/comments?post=77"}],"version-history":[{"count":3,"href":"https:\/\/chamonix-cross-country-skiing.com\/en\/wp-json\/wp\/v2\/pages\/77\/revisions"}],"predecessor-version":[{"id":2941,"href":"https:\/\/chamonix-cross-country-skiing.com\/en\/wp-json\/wp\/v2\/pages\/77\/revisions\/2941"}],"up":[{"embeddable":true,"href":"https:\/\/chamonix-cross-country-skiing.com\/en\/wp-json\/wp\/v2\/pages\/10"}],"wp:featuredmedia":[{"embeddable":true,"href":"https:\/\/chamonix-cross-country-skiing.com\/en\/wp-json\/wp\/v2\/media\/2927"}],"wp:attachment":[{"href":"https:\/\/chamonix-cross-country-skiing.com\/en\/wp-json\/wp\/v2\/media?parent=77"}],"curies":[{"name":"wp","href":"https:\/\/api.w.org\/{rel}","templated":true}]}}